{"id":3625,"date":"2023-06-26T13:49:30","date_gmt":"2023-06-26T13:49:30","guid":{"rendered":"https:\/\/gransimenuts.org\/politica-de-cookies\/"},"modified":"2024-05-29T12:10:30","modified_gmt":"2024-05-29T12:10:30","slug":"politica-de-cookies","status":"publish","type":"page","link":"https:\/\/gransimenuts.org\/val\/politica-de-cookies\/","title":{"rendered":"Pol\u00edtica de cookies"},"content":{"rendered":"<div data-elementor-type=\"wp-page\" data-elementor-id=\"3625\" class=\"elementor elementor-3625\">\n\t\t\t\t\t\t\t\t\t<section class=\"elementor-section elementor-top-section elementor-element elementor-element-c2107cf elementor-section-full_width elementor-section-height-default elementor-section-height-default\" data-id=\"c2107cf\" data-element_type=\"section\">\n\t\t\t\t\t\t\t<div class=\"elementor-background-overlay\"><\/div>\n\t\t\t\t\t\t\t<div class=\"elementor-container elementor-column-gap-default\">\n\t\t\t\t\t<div class=\"elementor-column elementor-col-50 elementor-top-column elementor-element elementor-element-83012e5 elementor-hidden-mobile\" data-id=\"83012e5\" data-element_type=\"column\" data-settings=\"{&quot;background_background&quot;:&quot;classic&quot;}\">\n\t\t\t<div class=\"elementor-widget-wrap elementor-element-populated\">\n\t\t\t\t\t\t\t\t<div class=\"elementor-element elementor-element-0f55ac9 elementor-widget elementor-widget-global elementor-global-2453 elementor-widget-wp-widget-nav_menu\" data-id=\"0f55ac9\" data-element_type=\"widget\" data-settings=\"{&quot;sticky&quot;:&quot;top&quot;,&quot;sticky_on&quot;:[&quot;desktop&quot;,&quot;tablet&quot;],&quot;sticky_offset&quot;:90,&quot;sticky_parent&quot;:&quot;yes&quot;,&quot;sticky_effects_offset&quot;:0}\" data-widget_type=\"wp-widget-nav_menu.default\">\n\t\t\t\t<div class=\"elementor-widget-container\">\n\t\t\t<div class=\"menu-menu-desktop-header-container\"><ul id=\"menu-menu-desktop-header\" class=\"menu\"><li id=\"menu-item-1189\" class=\"imagen_fondo menu-item menu-item-type-custom menu-item-object-custom menu-item-has-children menu-item-1189\"><a href=\"#\">El col\u00b7legi<\/a>\n<ul class=\"sub-menu\">\n\t<li id=\"menu-item-1146\" class=\"menu-item menu-item-type-post_type menu-item-object-page menu-item-1146\"><a href=\"https:\/\/gransimenuts.org\/val\/el-centro\/\">El centre<\/a><\/li>\n\t<li id=\"menu-item-1145\" class=\"menu-item menu-item-type-post_type menu-item-object-page menu-item-1145\"><a href=\"https:\/\/gransimenuts.org\/val\/portal-de-transparencia\/\">Portal de transparencia<\/a><\/li>\n<\/ul>\n<\/li>\n<li id=\"menu-item-99\" class=\"menu-item menu-item-type-post_type menu-item-object-page menu-item-99\"><a href=\"https:\/\/gransimenuts.org\/val\/servicios\/\">Serveis<\/a><\/li>\n<li id=\"menu-item-1278\" class=\"menu-item menu-item-type-custom menu-item-object-custom menu-item-has-children menu-item-1278\"><a href=\"#\">Proyecto Educativo<\/a>\n<ul class=\"sub-menu\">\n\t<li id=\"menu-item-1272\" class=\"submenu menu-item menu-item-type-post_type menu-item-object-page menu-item-1272\"><a href=\"https:\/\/gransimenuts.org\/val\/principios\/\">Principis<\/a><\/li>\n\t<li id=\"menu-item-1277\" class=\"submenu menu-item menu-item-type-post_type menu-item-object-page menu-item-1277\"><a href=\"https:\/\/gransimenuts.org\/val\/modelo-educativo\/\">Modelo Educativo<\/a><\/li>\n\t<li id=\"menu-item-1276\" class=\"submenu menu-item menu-item-type-post_type menu-item-object-page menu-item-1276\"><a href=\"https:\/\/gransimenuts.org\/val\/proyecto-plurilingue\/\">Projecte pluriling\u00fce<\/a><\/li>\n\t<li id=\"menu-item-1275\" class=\"submenu menu-item menu-item-type-post_type menu-item-object-page menu-item-1275\"><a href=\"https:\/\/gransimenuts.org\/val\/proyecto-deportivo\/\">Projecte esportiu<\/a><\/li>\n\t<li id=\"menu-item-1274\" class=\"submenu menu-item menu-item-type-post_type menu-item-object-page menu-item-1274\"><a href=\"https:\/\/gransimenuts.org\/val\/proyecto-solidario\/\">Projecte solidari<\/a><\/li>\n\t<li id=\"menu-item-1273\" class=\"submenu menu-item menu-item-type-post_type menu-item-object-page menu-item-1273\"><a href=\"https:\/\/gransimenuts.org\/val\/proyecto-xarxa-2030\/\">Projecte xarxa 2030<\/a><\/li>\n<\/ul>\n<\/li>\n<li id=\"menu-item-96\" class=\"menu-item menu-item-type-post_type menu-item-object-page menu-item-96\"><a href=\"https:\/\/gransimenuts.org\/val\/etapas\/\">Etapes<\/a><\/li>\n<li id=\"menu-item-1064\" class=\"menu-item menu-item-type-custom menu-item-object-custom menu-item-1064\"><a href=\"https:\/\/gransimenuts.org\/val\/secretaria\/\">Secretaria<\/a><\/li>\n<li id=\"menu-item-93\" class=\"menu-item menu-item-type-post_type menu-item-object-page current_page_parent menu-item-93\"><a href=\"https:\/\/gransimenuts.org\/val\/actualidad\/\">Actualitat<\/a><\/li>\n<li id=\"menu-item-94\" class=\"menu-item menu-item-type-post_type menu-item-object-page menu-item-94\"><a href=\"https:\/\/gransimenuts.org\/val\/contacto\/\">Contacte<\/a><\/li>\n<li id=\"menu-item-3076\" class=\"menu-item menu-item-type-custom menu-item-object-custom menu-item-3076\"><a href=\"https:\/\/www.google.com\/maps\/@39.9868306,-0.0773462,3a,90y,243.25h,86.75t\/data=!3m7!1e1!3m5!1sAF1QipMnVpMW_J0ldnaKGYIMqpf2yVMak6A-fRN1PhcX!2e10!3e12!7i8000!8i4000\" target=\"_blank\" rel=\"noopener\"><a href=\"https:\/\/www.google.com\/maps\/@39.9868306,-0.0773462,3a,90y,243.25h,86.75t\/data=!3m7!1e1!3m5!1sAF1QipMnVpMW_J0ldnaKGYIMqpf2yVMak6A-fRN1PhcX!2e10!3e12!7i8000!8i4000\" target=\"_blank\" rel=\"noopener\">Plano interactivo<\/a><\/a><\/li>\n<\/ul><\/div>\t\t<\/div>\n\t\t\t\t<\/div>\n\t\t\t\t\t<\/div>\n\t\t<\/div>\n\t\t\t\t<div class=\"elementor-column elementor-col-50 elementor-top-column elementor-element elementor-element-95797c3\" data-id=\"95797c3\" data-element_type=\"column\">\n\t\t\t<div class=\"elementor-widget-wrap elementor-element-populated\">\n\t\t\t\t\t\t\t\t<div class=\"elementor-element elementor-element-6af1b94 elementor-widget elementor-widget-shortcode\" data-id=\"6af1b94\" data-element_type=\"widget\" data-widget_type=\"shortcode.default\">\n\t\t\t\t<div class=\"elementor-widget-container\">\n\t\t\t\t\t<div class=\"elementor-shortcode\">\n<!-- Legal document generated by Complianz | GDPR\/CCPA Cookie Consent https:\/\/wordpress.org\/plugins\/complianz-gdpr -->\n<div id=\"cmplz-document\" class=\"cmplz-document cookie-statement cmplz-document-eu\"><p><i>This Cookie Policy was last updated on juny 26, 2023 and applies to citizens and legal permanent residents of the European Economic Area and Switzerland.<\/i><br><\/p><h2>1. Introducci\u00f3<\/h2><p>El nostre lloc web, <a href=\"https:\/\/gransimenuts.org\/val\">https:\/\/gransimenuts.org\/val<\/a> (d'ara endavant  \"el lloc web\") utilitza galetes i altres tecnologies relacionades (per comoditat, totes les tecnologies es denominen  \"galetes\"). Les galetes tamb\u00e9 s\u00f3n col\u00b7locades per tercers que hem contractat. En el document seg\u00fcent us informem sobre l'\u00fas de les galetes al nostre lloc web.<\/p><h2>2. Qu\u00e8 s\u00f3n les cookies?<\/h2><p>Una galeta \u00e9s un fitxer petit i senzill que s'envia juntament amb p\u00e0gines d'aquest lloc web i que el vostre navegador emmagatzema al disc dur de l'ordinador o un altre dispositiu. La informaci\u00f3 emmagatzemada en ell es pot tornar als nostres servidors o als servidors dels tercers corresponents durant una visita posterior.<\/p><h2>3. Quins s\u00f3n els scripts?<\/h2><p>Un script \u00e9s una pe\u00e7a de codi de programari que s'utilitza per a que el nostre web funcioni correctament i interactivament. Aquest codi s'executa al nostre servidor o al vostre dispositiu.<\/p><h2>4. Qu\u00e8 \u00e9s un web beacon?<\/h2><p>Una balisa web (o una etiqueta de p\u00edxel) \u00e9s una petita i invisible pe\u00e7a de text o imatge en un lloc web que s'utilitza per controlar el tr\u00e0nsit d'un lloc web. Per fer-ho, s'emmagatzemen diverses dades utilitzant balises web.<\/p><h2>5. Galetes<\/h2><p class=\"cmplz-subtitle\">5.1 Galetes t\u00e8cniques o funcionals<\/p><p>Algunes galetes asseguren que certes parts del lloc web funcionen correctament i que les prefer\u00e8ncies dels usuaris segueixin sent conegudes. Utilitzant galetes funcionals, us facilitem que visiteu el nostre lloc web. D'aquesta manera, no cal que introdu\u00efu repetidament la mateixa informaci\u00f3 quan visiteu el nostre lloc web i, per exemple, els elements romanen al carret\u00f3 de la compra fins que h\u00e0giu pagat. Podem posar aquestes galetes sense el vostre consentiment.<\/p><p class=\"cmplz-subtitle\">5.2 Cookies de m\u00e0rqueting\/rastreig<\/p><p>Les cookies de m\u00e0rqueting o de rastreig s\u00f3n cookies o qualsevol altra forma d'emmagatzematge local, utilitzat per crear perfils d'usuari per mostrar anuncis o per rastrejar l'usuari en aquest lloc web o a trav\u00e9s d'altres llocs web per a prop\u00f2sits de m\u00e0rqueting similars.<\/p><h2>6. Galetes col\u00b7locades<\/h2><div id=\"cmplz-cookies-overview\"><details class=\"cmplz-dropdown cmplz-service-desc cmplz-dropdown-cookiepolicy\">\n\t<summary class=\"cmplz-service-header\"><div>\n\t\t<h3>Elementor<\/h3>\n\t\t<p>Prop\u00f2sit pendent d'investigaci\u00f3<\/p>\n\t\t<label for=\"cmplz_service_elementor\" class=\"cmplz_consent_per_service_label\"><span class=\"screen-reader-text\">Consent to service elementor<\/span><\/label>\n\t\t<input type=\"checkbox\" id=\"cmplz_service_elementor\" class=\"cmplz-accept-service cmplz-hidden\" data-service=\"elementor\" data-category=\"functional\"><\/div>\n\t<\/summary>\n\t<div class=\"cmplz-service-description\">\n\t\t<h4>\u00das<\/h4>\n\t\t<p><\/p>\n\t<\/div>\n\t<div class=\"cmplz-sharing-data\">\n\t\t<h4>Compartici\u00f3 de dades<\/h4>\n\t\t<p>Aquestes dades no s\u00f3n compartides amb tercers.<\/p>\n\t<\/div>\n\t<div class=\"cookies-per-purpose\">\n    <div class=\"purpose\"><h4>Prop\u00f2sit pendent d'investigaci\u00f3<\/h4><\/div>\n    <div class=\"name-header\">\n\t<h5>Nom<\/h5>\n<\/div>\n<div class=\"name\"><a target=\"_blank\" rel=\"noopener noreferrer nofollow\" href=\"https:\/\/cookiedatabase.org\/cookie\/unknown-service\/elementor\/\">elementor<\/a><\/div>\n<div class=\"retention-header\">\n\t<h5>Expiration<\/h5>\n<\/div>\n<div class=\"retention\"><\/div>\n<div class=\"function-header\">\n\t<h5>Funci\u00f3<\/h5>\n<\/div>\n<div class=\"function\"><\/div>\n\n<\/div>\n<\/details>\n<details class=\"cmplz-dropdown cmplz-service-desc cmplz-dropdown-cookiepolicy\">\n\t<summary class=\"cmplz-service-header\"><div>\n\t\t<h3>Google reCAPTCHA<\/h3>\n\t\t<p>Prop\u00f2sit pendent d'investigaci\u00f3<\/p>\n\t\t<label for=\"cmplz_service_google-recaptcha\" class=\"cmplz_consent_per_service_label\"><span class=\"screen-reader-text\">Consent to service google-recaptcha<\/span><\/label>\n\t\t<input type=\"checkbox\" id=\"cmplz_service_google-recaptcha\" class=\"cmplz-accept-service cmplz-hidden\" data-service=\"google-recaptcha\" data-category=\"functional\"><\/div>\n\t<\/summary>\n\t<div class=\"cmplz-service-description\">\n\t\t<h4>\u00das<\/h4>\n\t\t<p><\/p>\n\t<\/div>\n\t<div class=\"cmplz-sharing-data\">\n\t\t<h4>Compartici\u00f3 de dades<\/h4>\n\t\t<p>Aquestes dades no s\u00f3n compartides amb tercers.<\/p>\n\t<\/div>\n\t<div class=\"cookies-per-purpose\">\n    <div class=\"purpose\"><h4>Prop\u00f2sit pendent d'investigaci\u00f3<\/h4><\/div>\n    <div class=\"name-header\">\n\t<h5>Nom<\/h5>\n<\/div>\n<div class=\"name\"><a target=\"_blank\" rel=\"noopener noreferrer nofollow\" href=\"https:\/\/cookiedatabase.org\/cookie\/unknown-service\/_grecaptcha\/\">_grecaptcha<\/a><\/div>\n<div class=\"retention-header\">\n\t<h5>Expiration<\/h5>\n<\/div>\n<div class=\"retention\"><\/div>\n<div class=\"function-header\">\n\t<h5>Funci\u00f3<\/h5>\n<\/div>\n<div class=\"function\"><\/div>\n\n<\/div>\n<\/details>\n<details class=\"cmplz-dropdown cmplz-service-desc cmplz-dropdown-cookiepolicy\">\n\t<summary class=\"cmplz-service-header\"><div>\n\t\t<h3>Miscel\u00b7l\u00e0nia<\/h3>\n\t\t<p>Prop\u00f2sit pendent d'investigaci\u00f3<\/p>\n\t\t<label for=\"cmplz_service_miscel\u00b7l\u00e0nia\" class=\"cmplz_consent_per_service_label\"><span class=\"screen-reader-text\">Consent to service miscel\u00b7l\u00e0nia<\/span><\/label>\n\t\t<input type=\"checkbox\" id=\"cmplz_service_miscel\u00b7l\u00e0nia\" class=\"cmplz-accept-service cmplz-hidden\" data-service=\"miscel\u00b7l\u00e0nia\" data-category=\"functional\"><\/div>\n\t<\/summary>\n\t<div class=\"cmplz-service-description\">\n\t\t<h4>\u00das<\/h4>\n\t\t<p><\/p>\n\t<\/div>\n\t<div class=\"cmplz-sharing-data\">\n\t\t<h4>Compartici\u00f3 de dades<\/h4>\n\t\t<p>La compartici\u00f3 de dades est\u00e0 pendent d'investigaci\u00f3.<\/p>\n\t<\/div>\n\t<div class=\"cookies-per-purpose\">\n    <div class=\"purpose\"><h4>Prop\u00f2sit pendent d'investigaci\u00f3<\/h4><\/div>\n    <div class=\"name-header\">\n\t<h5>Nom<\/h5>\n<\/div>\n<div class=\"name\">rank-math-option-sitemap-index<\/div>\n<div class=\"retention-header\">\n\t<h5>Expiration<\/h5>\n<\/div>\n<div class=\"retention\"><\/div>\n<div class=\"function-header\">\n\t<h5>Funci\u00f3<\/h5>\n<\/div>\n<div class=\"function\"><\/div>\n<div class=\"name-header\">\n\t<h5>Nom<\/h5>\n<\/div>\n<div class=\"name\">cmplz_consenttype<\/div>\n<div class=\"retention-header\">\n\t<h5>Expiration<\/h5>\n<\/div>\n<div class=\"retention\">365 dies<\/div>\n<div class=\"function-header\">\n\t<h5>Funci\u00f3<\/h5>\n<\/div>\n<div class=\"function\"><\/div>\n<div class=\"name-header\">\n\t<h5>Nom<\/h5>\n<\/div>\n<div class=\"name\">rank-math-option-titles-index<\/div>\n<div class=\"retention-header\">\n\t<h5>Expiration<\/h5>\n<\/div>\n<div class=\"retention\"><\/div>\n<div class=\"function-header\">\n\t<h5>Funci\u00f3<\/h5>\n<\/div>\n<div class=\"function\"><\/div>\n<div class=\"name-header\">\n\t<h5>Nom<\/h5>\n<\/div>\n<div class=\"name\">e_kit-elements-defaults<\/div>\n<div class=\"retention-header\">\n\t<h5>Expiration<\/h5>\n<\/div>\n<div class=\"retention\"><\/div>\n<div class=\"function-header\">\n\t<h5>Funci\u00f3<\/h5>\n<\/div>\n<div class=\"function\"><\/div>\n<div class=\"name-header\">\n\t<h5>Nom<\/h5>\n<\/div>\n<div class=\"name\">rank-math-option-search-index<\/div>\n<div class=\"retention-header\">\n\t<h5>Expiration<\/h5>\n<\/div>\n<div class=\"retention\"><\/div>\n<div class=\"function-header\">\n\t<h5>Funci\u00f3<\/h5>\n<\/div>\n<div class=\"function\"><\/div>\n<div class=\"name-header\">\n\t<h5>Nom<\/h5>\n<\/div>\n<div class=\"name\">rank-math-option-general-index<\/div>\n<div class=\"retention-header\">\n\t<h5>Expiration<\/h5>\n<\/div>\n<div class=\"retention\"><\/div>\n<div class=\"function-header\">\n\t<h5>Funci\u00f3<\/h5>\n<\/div>\n<div class=\"function\"><\/div>\n<div class=\"name-header\">\n\t<h5>Nom<\/h5>\n<\/div>\n<div class=\"name\">cmplz_consented_services<\/div>\n<div class=\"retention-header\">\n\t<h5>Expiration<\/h5>\n<\/div>\n<div class=\"retention\">365 dies<\/div>\n<div class=\"function-header\">\n\t<h5>Funci\u00f3<\/h5>\n<\/div>\n<div class=\"function\"><\/div>\n<div class=\"name-header\">\n\t<h5>Nom<\/h5>\n<\/div>\n<div class=\"name\">cmplz_policy_id<\/div>\n<div class=\"retention-header\">\n\t<h5>Expiration<\/h5>\n<\/div>\n<div class=\"retention\">365 dies<\/div>\n<div class=\"function-header\">\n\t<h5>Funci\u00f3<\/h5>\n<\/div>\n<div class=\"function\"><\/div>\n<div class=\"name-header\">\n\t<h5>Nom<\/h5>\n<\/div>\n<div class=\"name\">cmplz_marketing<\/div>\n<div class=\"retention-header\">\n\t<h5>Expiration<\/h5>\n<\/div>\n<div class=\"retention\">365 dies<\/div>\n<div class=\"function-header\">\n\t<h5>Funci\u00f3<\/h5>\n<\/div>\n<div class=\"function\"><\/div>\n<div class=\"name-header\">\n\t<h5>Nom<\/h5>\n<\/div>\n<div class=\"name\">cmplz_statistics<\/div>\n<div class=\"retention-header\">\n\t<h5>Expiration<\/h5>\n<\/div>\n<div class=\"retention\">365 dies<\/div>\n<div class=\"function-header\">\n\t<h5>Funci\u00f3<\/h5>\n<\/div>\n<div class=\"function\"><\/div>\n<div class=\"name-header\">\n\t<h5>Nom<\/h5>\n<\/div>\n<div class=\"name\">cmplz_preferences<\/div>\n<div class=\"retention-header\">\n\t<h5>Expiration<\/h5>\n<\/div>\n<div class=\"retention\">365 dies<\/div>\n<div class=\"function-header\">\n\t<h5>Funci\u00f3<\/h5>\n<\/div>\n<div class=\"function\"><\/div>\n<div class=\"name-header\">\n\t<h5>Nom<\/h5>\n<\/div>\n<div class=\"name\">cmplz_functional<\/div>\n<div class=\"retention-header\">\n\t<h5>Expiration<\/h5>\n<\/div>\n<div class=\"retention\">365 dies<\/div>\n<div class=\"function-header\">\n\t<h5>Funci\u00f3<\/h5>\n<\/div>\n<div class=\"function\"><\/div>\n<div class=\"name-header\">\n\t<h5>Nom<\/h5>\n<\/div>\n<div class=\"name\">cmplz_banner-status<\/div>\n<div class=\"retention-header\">\n\t<h5>Expiration<\/h5>\n<\/div>\n<div class=\"retention\">365 dies<\/div>\n<div class=\"function-header\">\n\t<h5>Funci\u00f3<\/h5>\n<\/div>\n<div class=\"function\"><\/div>\n<div class=\"name-header\">\n\t<h5>Nom<\/h5>\n<\/div>\n<div class=\"name\">adobeCleanFontAdded<\/div>\n<div class=\"retention-header\">\n\t<h5>Expiration<\/h5>\n<\/div>\n<div class=\"retention\"><\/div>\n<div class=\"function-header\">\n\t<h5>Funci\u00f3<\/h5>\n<\/div>\n<div class=\"function\"><\/div>\n<div class=\"name-header\">\n\t<h5>Nom<\/h5>\n<\/div>\n<div class=\"name\">wp_lang<\/div>\n<div class=\"retention-header\">\n\t<h5>Expiration<\/h5>\n<\/div>\n<div class=\"retention\"><\/div>\n<div class=\"function-header\">\n\t<h5>Funci\u00f3<\/h5>\n<\/div>\n<div class=\"function\"><\/div>\n\n<\/div>\n<\/details>\n<\/div><h2>7. Consentiment<\/h2><p>Quan visiteu el nostre lloc web per primera vegada, us mostrarem un missatge emergent amb una explicaci\u00f3 sobre les cookies. Tan bon punt com feu clic a \"Guardar preferencias\", ens consentiu a utilitzar les categories de cookies i extensions que heu seleccionat al missatge emergent, tal i com es descriu en aquesta Pol\u00edtica de cookies. Podeu desactivar l\u2019\u00fas de cookies a trav\u00e9s del vostre navegador, per\u00f2 tingueu en compte que pot ser que el nostre lloc web ja no funcioni correctament.<\/p><p class=\"cmplz-subtitle\">7.1 Gestioneu les vostres prefer\u00e8ncies de consentiment<\/p><div id=\"cmplz-manage-consent-container-nojavascript\">You have loaded the Cookie Policy without javascript support.&nbsp;On AMP, you can use the manage consent button on the bottom of the page.<\/div><div id=\"cmplz-manage-consent-container\" class=\"cmplz-manage-consent-container\"><\/div><h2>8. Activaci\u00f3 \/ desactivaci\u00f3 i eliminaci\u00f3 de galetes<\/h2><p>Podeu utilitzar el navegador per a esborrar les cookies autom\u00e0ticament o manualment. A m\u00e9s, podeu especificar que determinades cookies no siguin col\u00b7locades. Una altra opci\u00f3 \u00e9s canviar les prefer\u00e8ncies del vostre navegador per a rebre un missatge cada cop que una cookie \u00e9s col\u00b7locada. Per a m\u00e9s informaci\u00f3, podeu consultar les instruccions a l'Ajuda del vostre navegador.<\/p><p>Please note that our website may not work properly if all cookies are disabled. If you do delete the cookies in your browser, they will be placed again after your consent when you visit our website again.<\/p><h2>9. Els vostres drets respecte de les dades personals<\/h2><p>Teniu els drets seg\u00fcents respecte a les vostres dades personals:<\/p><ul>\n                    <li>Teniu dret a saber per qu\u00e8 es necessiten les vostres dades personals, qu\u00e8 li passar\u00e0 i quant de temps es mantindr\u00e0.<\/li>\n                    <li>Dret d'acc\u00e9s: teniu dret a accedir a les vostres dades personals que ens s\u00f3n conegudes.<\/li>\n                    <li>Dret de rectificaci\u00f3: teniu dret a completar, corregir, suprimir o bloquejar les vostres dades personals sempre que ho desitgeu.<\/li>\n                    <li>Si ens doneu el consentiment per processar les seves dades, teniu el dret de revocar aquest consentiment i de suprimir les vostres dades personals.<\/li>\n                    <li>Dret de transferir les vostres dades: teniu el dret de sol\u00b7licitar totes les dades personals del controlador i transferir-les en la seva totalitat a un altre controlador.<\/li>\n                    <li>Dret a l'oposici\u00f3: podeu oposar-vos al processament de les vostres dades. Complim amb aix\u00f2, tret que hi hagi motius justificats per al processament.<\/li>\n                <\/ul><p>Per exercir aquests drets, poseu-vos en contacte amb nosaltres. Consulteu les dades de contacte a la part inferior d'aquesta Pol\u00edtica de cookies. Si teniu una queixa sobre com gestionem les vostres dades, ens agradaria escoltar-vos, per\u00f2 tamb\u00e9 teniu el dret de presentar una reclamaci\u00f3 a l'autoritat de supervisi\u00f3 (l'Ag\u00e8ncia de Protecci\u00f3 de Dades).<\/p><h2>10. Detalls de contacte<\/h2><p>Per a preguntes i\/o comentaris sobre la nostra Pol\u00edtica de cookies i aquesta declaraci\u00f3, poseu-vos en contacte amb nosaltres mitjan\u00e7ant les seg\u00fcents dades de contacte:<\/p><p><span class=\"cmplz-contact-organisation\">Cooperativa de Ense\u00f1anza LA PLANA<\/span><br>\n                      <span class=\"cmplz-contact-address\"> Cuadra La Torta n\u00ba 4, 12006 Castell\u00f3n<\/span><br>\n                      <span class=\"cmplz-contact-country\">Espanya<\/span><br>\n                    Lloc web: <span class=\"cmplz-contact-domain\"><a href=\"https:\/\/gransimenuts.org\/val\">https:\/\/gransimenuts.org\/val<\/a><\/span><br>\n                    Correu electr\u00f2nic: <span class=\"cmplz-contact-email\"><span class=\"cmplz-obfuscate\">&#x67;r&#x6f;&#046;&#115;tun&#x65;misn&#x61;rg&#064;noicce&#x72;id<\/span><\/span><br>\n                    <span class=\"cmplz-contact-telephone\"><\/span><\/p><p>This Cookie Policy was synchronized with <a href=\"https:\/\/cookiedatabase.org\/\" target=\"_blank\" rel=\"noopener\">cookiedatabase.org<\/a> on juny 26, 2023.<\/p><\/div><\/div>\n\t\t\t\t<\/div>\n\t\t\t\t<\/div>\n\t\t\t\t\t<\/div>\n\t\t<\/div>\n\t\t\t\t\t\t\t<\/div>\n\t\t<\/section>\n\t\t\t\t\t\t\t<\/div>","protected":false},"excerpt":{"rendered":"","protected":false},"author":1,"featured_media":0,"parent":0,"menu_order":0,"comment_status":"closed","ping_status":"closed","template":"elementor_header_footer","meta":[],"_links":{"self":[{"href":"https:\/\/gransimenuts.org\/val\/wp-json\/wp\/v2\/pages\/3625"}],"collection":[{"href":"https:\/\/gransimenuts.org\/val\/wp-json\/wp\/v2\/pages"}],"about":[{"href":"https:\/\/gransimenuts.org\/val\/wp-json\/wp\/v2\/types\/page"}],"author":[{"embeddable":true,"href":"https:\/\/gransimenuts.org\/val\/wp-json\/wp\/v2\/users\/1"}],"replies":[{"embeddable":true,"href":"https:\/\/gransimenuts.org\/val\/wp-json\/wp\/v2\/comments?post=3625"}],"version-history":[{"count":3,"href":"https:\/\/gransimenuts.org\/val\/wp-json\/wp\/v2\/pages\/3625\/revisions"}],"predecessor-version":[{"id":3631,"href":"https:\/\/gransimenuts.org\/val\/wp-json\/wp\/v2\/pages\/3625\/revisions\/3631"}],"wp:attachment":[{"href":"https:\/\/gransimenuts.org\/val\/wp-json\/wp\/v2\/media?parent=3625"}],"curies":[{"name":"wp","href":"https:\/\/api.w.org\/{rel}","templated":true}]}}