{"id":2961,"date":"2022-12-07T08:26:16","date_gmt":"2022-12-07T08:26:16","guid":{"rendered":"https:\/\/gransimenuts.org\/?page_id=2961"},"modified":"2024-05-29T12:10:13","modified_gmt":"2024-05-29T12:10:13","slug":"aviso-legal","status":"publish","type":"page","link":"https:\/\/gransimenuts.org\/val\/aviso-legal\/","title":{"rendered":"Aviso legal"},"content":{"rendered":"<div data-elementor-type=\"wp-page\" data-elementor-id=\"2961\" class=\"elementor elementor-2961\">\n\t\t\t\t\t\t\t\t\t<section class=\"elementor-section elementor-top-section elementor-element elementor-element-82c6f11 elementor-section-full_width elementor-section-height-default elementor-section-height-default\" data-id=\"82c6f11\" data-element_type=\"section\">\n\t\t\t\t\t\t<div class=\"elementor-container elementor-column-gap-default\">\n\t\t\t\t\t<div class=\"elementor-column elementor-col-50 elementor-top-column elementor-element elementor-element-ef41b3c elementor-hidden-mobile\" data-id=\"ef41b3c\" data-element_type=\"column\" data-settings=\"{&quot;background_background&quot;:&quot;classic&quot;}\">\n\t\t\t<div class=\"elementor-widget-wrap elementor-element-populated\">\n\t\t\t\t\t\t\t\t<div class=\"elementor-element elementor-element-8c67f3c elementor-widget elementor-widget-global elementor-global-2453 elementor-widget-wp-widget-nav_menu\" data-id=\"8c67f3c\" data-element_type=\"widget\" data-settings=\"{&quot;sticky&quot;:&quot;top&quot;,&quot;sticky_on&quot;:[&quot;desktop&quot;,&quot;tablet&quot;],&quot;sticky_offset&quot;:90,&quot;sticky_parent&quot;:&quot;yes&quot;,&quot;sticky_effects_offset&quot;:0}\" data-widget_type=\"wp-widget-nav_menu.default\">\n\t\t\t\t<div class=\"elementor-widget-container\">\n\t\t\t<div class=\"menu-menu-desktop-header-container\"><ul id=\"menu-menu-desktop-header\" class=\"menu\"><li id=\"menu-item-1189\" class=\"imagen_fondo menu-item menu-item-type-custom menu-item-object-custom menu-item-has-children menu-item-1189\"><a href=\"#\">El col\u00b7legi<\/a>\n<ul class=\"sub-menu\">\n\t<li id=\"menu-item-1146\" class=\"menu-item menu-item-type-post_type menu-item-object-page menu-item-1146\"><a href=\"https:\/\/gransimenuts.org\/val\/el-centro\/\">El centre<\/a><\/li>\n\t<li id=\"menu-item-1145\" class=\"menu-item menu-item-type-post_type menu-item-object-page menu-item-1145\"><a href=\"https:\/\/gransimenuts.org\/val\/portal-de-transparencia\/\">Portal de transparencia<\/a><\/li>\n<\/ul>\n<\/li>\n<li id=\"menu-item-99\" class=\"menu-item menu-item-type-post_type menu-item-object-page menu-item-99\"><a href=\"https:\/\/gransimenuts.org\/val\/servicios\/\">Serveis<\/a><\/li>\n<li id=\"menu-item-1278\" class=\"menu-item menu-item-type-custom menu-item-object-custom menu-item-has-children menu-item-1278\"><a href=\"#\">Proyecto Educativo<\/a>\n<ul class=\"sub-menu\">\n\t<li id=\"menu-item-1272\" class=\"submenu menu-item menu-item-type-post_type menu-item-object-page menu-item-1272\"><a href=\"https:\/\/gransimenuts.org\/val\/principios\/\">Principis<\/a><\/li>\n\t<li id=\"menu-item-1277\" class=\"submenu menu-item menu-item-type-post_type menu-item-object-page menu-item-1277\"><a href=\"https:\/\/gransimenuts.org\/val\/modelo-educativo\/\">Modelo Educativo<\/a><\/li>\n\t<li id=\"menu-item-1276\" class=\"submenu menu-item menu-item-type-post_type menu-item-object-page menu-item-1276\"><a href=\"https:\/\/gransimenuts.org\/val\/proyecto-plurilingue\/\">Projecte pluriling\u00fce<\/a><\/li>\n\t<li id=\"menu-item-1275\" class=\"submenu menu-item menu-item-type-post_type menu-item-object-page menu-item-1275\"><a href=\"https:\/\/gransimenuts.org\/val\/proyecto-deportivo\/\">Projecte esportiu<\/a><\/li>\n\t<li id=\"menu-item-1274\" class=\"submenu menu-item menu-item-type-post_type menu-item-object-page menu-item-1274\"><a href=\"https:\/\/gransimenuts.org\/val\/proyecto-solidario\/\">Projecte solidari<\/a><\/li>\n\t<li id=\"menu-item-1273\" class=\"submenu menu-item menu-item-type-post_type menu-item-object-page menu-item-1273\"><a href=\"https:\/\/gransimenuts.org\/val\/proyecto-xarxa-2030\/\">Projecte xarxa 2030<\/a><\/li>\n<\/ul>\n<\/li>\n<li id=\"menu-item-96\" class=\"menu-item menu-item-type-post_type menu-item-object-page menu-item-96\"><a href=\"https:\/\/gransimenuts.org\/val\/etapas\/\">Etapes<\/a><\/li>\n<li id=\"menu-item-1064\" class=\"menu-item menu-item-type-custom menu-item-object-custom menu-item-1064\"><a href=\"https:\/\/gransimenuts.org\/val\/secretaria\/\">Secretaria<\/a><\/li>\n<li id=\"menu-item-93\" class=\"menu-item menu-item-type-post_type menu-item-object-page current_page_parent menu-item-93\"><a href=\"https:\/\/gransimenuts.org\/val\/actualidad\/\">Actualitat<\/a><\/li>\n<li id=\"menu-item-94\" class=\"menu-item menu-item-type-post_type menu-item-object-page menu-item-94\"><a href=\"https:\/\/gransimenuts.org\/val\/contacto\/\">Contacte<\/a><\/li>\n<li id=\"menu-item-3076\" class=\"menu-item menu-item-type-custom menu-item-object-custom menu-item-3076\"><a href=\"https:\/\/www.google.com\/maps\/@39.9868306,-0.0773462,3a,90y,243.25h,86.75t\/data=!3m7!1e1!3m5!1sAF1QipMnVpMW_J0ldnaKGYIMqpf2yVMak6A-fRN1PhcX!2e10!3e12!7i8000!8i4000\" target=\"_blank\" rel=\"noopener\"><a href=\"https:\/\/www.google.com\/maps\/@39.9868306,-0.0773462,3a,90y,243.25h,86.75t\/data=!3m7!1e1!3m5!1sAF1QipMnVpMW_J0ldnaKGYIMqpf2yVMak6A-fRN1PhcX!2e10!3e12!7i8000!8i4000\" target=\"_blank\" rel=\"noopener\">Plano interactivo<\/a><\/a><\/li>\n<\/ul><\/div>\t\t<\/div>\n\t\t\t\t<\/div>\n\t\t\t\t\t<\/div>\n\t\t<\/div>\n\t\t\t\t<div class=\"elementor-column elementor-col-50 elementor-top-column elementor-element elementor-element-30ea22a\" data-id=\"30ea22a\" data-element_type=\"column\">\n\t\t\t<div class=\"elementor-widget-wrap elementor-element-populated\">\n\t\t\t\t\t\t\t\t<div class=\"elementor-element elementor-element-bb76f38 elementor-widget elementor-widget-text-editor\" data-id=\"bb76f38\" data-element_type=\"widget\" data-widget_type=\"text-editor.default\">\n\t\t\t\t<div class=\"elementor-widget-container\">\n\t\t\t<style>\/*! elementor - v3.14.0 - 26-06-2023 *\/\n.elementor-widget-text-editor.elementor-drop-cap-view-stacked .elementor-drop-cap{background-color:#69727d;color:#fff}.elementor-widget-text-editor.elementor-drop-cap-view-framed .elementor-drop-cap{color:#69727d;border:3px solid;background-color:transparent}.elementor-widget-text-editor:not(.elementor-drop-cap-view-default) .elementor-drop-cap{margin-top:8px}.elementor-widget-text-editor:not(.elementor-drop-cap-view-default) .elementor-drop-cap-letter{width:1em;height:1em}.elementor-widget-text-editor .elementor-drop-cap{float:left;text-align:center;line-height:1;font-size:50px}.elementor-widget-text-editor .elementor-drop-cap-letter{display:inline-block}<\/style>\t\t\t\t<div class=\"headline\">\r\n<div class=\"icon pdf\"><\/div>\r\n<\/div>\r\n&nbsp;\r\n\r\n<b>I. DATOS IDENTIFICATIVOS<\/b>\r\n\r\nDe acuerdo con el art\u00edculo 10 de la Ley 34\/2002, de Servicios de la Sociedad de la Informaci\u00f3n y Comercio Electr\u00f3nico, ponemos en su conocimiento la siguiente informaci\u00f3n:\r\n<ol>\r\n \t<li>El sitio Web\u00a0<a href=\"http:\/\/www.gransimenuts\/\" target=\"_blank\" rel=\"noopener\">www.gransimenuts<\/a>.org es titularidad de Cooperativa de Ense\u00f1anza LA PLANA, (en adelante Colegio Grans i Menuts), domiciliada en Cuadra La Torta n\u00ba4, 12006 Castell\u00f3n.<\/li>\r\n<\/ol>\r\n<ol start=\"2\">\r\n \t<li>Colegio Grans i Menuts, con C.I.F. F-12020269, est\u00e1 inscrita en el Registro de Cooperativas con el n\u00ba CS-127<\/li>\r\n<\/ol>\r\n<ol start=\"3\">\r\n \t<li>Si quiere contactar con nosotros puede hacerlo: a) bien mediante correo postal, en la direcci\u00f3n indicada anteriormente, b) bien a trav\u00e9s del correo electr\u00f3nico a la direcci\u00f3n\u00a0<a href=\"mailto:secretaria@gransimenuts.org\">secretaria@gransimenuts.org<\/a>\u00a0) o mediante tel\u00e9fono: 964-202425 o fax: 964-240<\/li>\r\n<\/ol>\r\n<b>II. PROPIEDAD INTELECTUAL E INDUSTRIAL<\/b>\r\n<ol>\r\n \t<li>En general, los contenidos, estructura, dise\u00f1o y forma de presentaci\u00f3n de los elementos (textos, gr\u00e1ficos, im\u00e1genes, ficheros, logotipos, combinaciones de colores y cualquier elemento susceptible de protecci\u00f3n) est\u00e1n protegidos por derechos de propiedad intelectual o industrial, titularidad de COLEGIO GRANS I MENUTS, por s\u00ed o como cesionaria de estos derechos.<\/li>\r\n<\/ol>\r\n<ol start=\"2\">\r\n \t<li>Est\u00e1n prohibidas la reproducci\u00f3n, la transformaci\u00f3n, distribuci\u00f3n, comunicaci\u00f3n p\u00fablica, puesta a disposici\u00f3n del p\u00fablico y, en general, cualquier otra forma de explotaci\u00f3n, parcial o total de los elementos referidos en el apartado anterior. Estos actos de explotaci\u00f3n s\u00f3lo podr\u00e1n ser realizados en virtud de autorizaci\u00f3n expresa y por escrito de COLEGIO GRANS I MENUTS y que, en todo caso, deber\u00e1n hacer referencia expl\u00edcita a la titularidad de los citados derechos de propiedad intelectual de COLEGIO GRANS I MENUTS.\r\nEn este sentido, el Usuario est\u00e1 autorizado, \u00fanica y exclusivamente, para el uso privado y personal del contenido de los sitios Web, siempre que se respeten los derechos de propiedad intelectual e industrial. En ning\u00fan caso, podr\u00e1 suprimir, alterar, eludir o manipular cualesquiera dispositivos de protecci\u00f3n o sistemas de seguridad que puedan estar instalados. En particular, los materiales dispuestos por el personal docente a trav\u00e9s de los sitios Web ser\u00e1 para, \u00fanico y exclusivo, uso del alumnado con fines educativos.<\/li>\r\n<\/ol>\r\n<ol start=\"3\">\r\n \t<li>En ning\u00fan caso se entender\u00e1 que el acceso y navegaci\u00f3n del Usuario implica una renuncia, transmisi\u00f3n, licencia o cesi\u00f3n total ni parcial de dichos derechos por parte de COLEGIO GRANS I MENUTS o, en su caso, colaboradores.\r\nEn consecuencia, no est\u00e1 permitido suprimir, eludir o manipular el aviso de derechos de autor (\u00abcopyright\u00bb) y cualesquiera otros datos de identificaci\u00f3n de los derechos de COLEGIO GRANS I MENUTS o de sus titulares incorporados a los contenidos, as\u00ed como los dispositivos t\u00e9cnicos de protecci\u00f3n, las huellas digitales o cualesquiera mecanismos de informaci\u00f3n y\/o de identificaci\u00f3n que pudieren contenerse en los contenidos.<\/li>\r\n<\/ol>\r\n<ol start=\"4\">\r\n \t<li>Por otro lado, los signos distintivos (marcas, nombres comerciales) que aparecen en estos sitios Web est\u00e1n protegidos por derechos de propiedad industrial, quedando prohibida la utilizaci\u00f3n o manipulaci\u00f3n de cualquiera de \u00e9stos, salvo autorizaci\u00f3n expresa y por escrito de COLEGIO GRANS I MENUTS, o de la persona f\u00edsica o jur\u00eddica titular de los signos distintivos expuestos.<\/li>\r\n<\/ol>\r\n<b>III. PUBLICACI\u00d3N DE IM\u00c1GENES DE PERSONAS<\/b>\r\n\r\nEn relaci\u00f3n con las im\u00e1genes de personas que aparecen en los sitios Web, COLEGIO GRANS I MENUTS efect\u00faa la publicaci\u00f3n con un serio respeto a la Ley Org\u00e1nica 1\/1982 de 5 de mayo, de protecci\u00f3n del derecho al honor, a la intimidad personal y familiar, y a la propia imagen.\r\nEl Usuario no est\u00e1 autorizado para que pueda reproducir, distribuir y comunicar im\u00e1genes fotogr\u00e1ficas y\/o videogr\u00e1ficas. Estas im\u00e1genes s\u00f3lo son utilizadas, \u00fanica y exclusivamente, en la composici\u00f3n de archivos gr\u00e1ficos o video gr\u00e1ficos, elaboradas para informar y\/o dar a conocer diversas actividades de COLEGIO GRANS I MENUTS.\r\nEl tratamiento de las im\u00e1genes del alumno\/a, personal docente, de administraci\u00f3n o servicios se efect\u00faa con serio respeto hacia la persona, eliminando cualesquiera captaciones o filmaciones que pudieren atentar los derechos fundamentales. Las im\u00e1genes no son utilizadas para otros fines distintos a los expresados, ni son cedidos a terceras personas, salvo las autorizadas al tratamiento.\r\nEn todo caso, la persona afectada por una publicaci\u00f3n en el sitio Web de su imagen, bien por s\u00ed misma o a trav\u00e9s del Padre y\/o Madre, o representante legal del menor, podr\u00e1 revocar el consentimiento que hubiere prestado u oponerse al tratamiento de la imagen, o ejercitar los derechos de acceso, modificaci\u00f3n o cancelaci\u00f3n, en cualquier momento, presentando o enviando un escrito, acompa\u00f1ado de la fotocopia de su DNI, a COLEGIO GRANS I MENUTS . o al e-mail\u00a0<a href=\"mailto:secretaria@gransimenuts.org\">secretaria@gransimenuts.org<\/a>\r\n\r\n<b>IV. CONDICIONES Y T\u00c9RMINOS DE USO DE LOS SITIOS WEB<\/b>\r\n\r\nCon car\u00e1cter general, y sin perjuicio de las condiciones y t\u00e9rminos particulares que se fijen en los apartados correspondientes a servicios concretos, el Usuario se obliga al cumplimiento de las presentes condiciones y t\u00e9rminos de uso, y obrar siempre conforme a la ley, a las buenas costumbres y a las exigencias de la buena fe, empleando la diligencia adecuada a la naturaleza del servicio del que disfruta, absteni\u00e9ndose de utilizar el sitio Web www.gransimenuts.org, de cualquier forma que pueda impedir, da\u00f1ar o deteriorar el normal funcionamiento del mismo, los bienes o derechos del COLEGIO GRANS I MENUTS, del resto de Usuarios o en general de cualquier tercero.\r\nEn particular, y sin que ello implique restricci\u00f3n alguna a la obligaci\u00f3n asumida por el Usuario con car\u00e1cter general de conformidad con el apartado anterior, el Usuario se obliga, en la utilizaci\u00f3n de www.gransimenuts.org titularidad de COLEGIO GRANS I MENUTS (en adelante sitios Web), a\r\n<ol>\r\n \t<li style=\"list-style-type: none;\">\r\n<ol>\r\n \t<li>No introducir, almacenar o difundir en o desde los sitios Web, cualquier informaci\u00f3n o material que fuera difamatorio, injurioso, obsceno, amenazador, xen\u00f3fobo, incite a la violencia a la discriminaci\u00f3n por raz\u00f3n de raza, sexo, ideolog\u00eda, religi\u00f3n o que de cualquier forma atente contra la moral, el orden p\u00fablico, los derechos fundamentales, las libertas p\u00fablicas, el honor, la intimidad o la imagen de terceros y en general la normativa vigente.<\/li>\r\n<\/ol>\r\n<\/li>\r\n<\/ol>\r\n<ol>\r\n \t<li style=\"list-style-type: none;\">\r\n<ol start=\"2\">\r\n \t<li>No introducir, almacenar o difundir mediante los sitios Web ning\u00fan programa de ordenador, datos, virus, c\u00f3digo, equipo de hardware o de telecomunicaciones o cualquier otro instrumento o dispositivo electr\u00f3nico o f\u00edsico que sea susceptible de causar da\u00f1os en los sitios Web, en cualquiera de los servicios, o en cualquiera de los equipos, sistemas o redes de COLEGIO GRANS I MENUTS, de cualquier Usuario, o en general de cualquier tercero. O que de cualquier otra forma sea capaz de causarles cualquier tipo de alteraci\u00f3n o impedir el normal funcionamiento de los mismos.<\/li>\r\n<\/ol>\r\n<\/li>\r\n<\/ol>\r\n<ol>\r\n \t<li style=\"list-style-type: none;\">\r\n<ol start=\"3\">\r\n \t<li>Custodiar adecuadamente el \u00abNombre de Usuario\u00bb (Login) y la \u00abContrase\u00f1a\u00bb (Password) que le sea facilitada por COLEGIO GRANS I MENUTS a los Usuarios, como elementos identificadores y habilitadores para el acceso a los distintos servicios ofrecidos en los sitios Web de COLEGIO GRANS I MENUTS, comprometi\u00e9ndose a no ceder su uso ni a permitir el acceso a ellos de terceros, asumiendo la responsabilidad por los da\u00f1os y perjuicios que pudieran derivarse de un uso indebido de los mismos.En este sentido, si para la utilizaci\u00f3n de un servicio de los sitios Web, el Usuario debiera proceder a su registro, \u00e9ste ser\u00e1 responsable de aportar informaci\u00f3n veraz y l\u00edcita. Si como consecuencia del registro, se dotara al Usuario de una identificaci\u00f3n y\/o contrase\u00f1a, \u00e9ste se compromete a hacer un uso diligente y a mantener en secreto la contrase\u00f1a para acceder a estos servicios. En consecuencia, los Usuarios son responsables de la adecuada custodia y confidencialidad de cualesquiera identificadores y\/o contrase\u00f1as que le sean suministradas por COLEGIO GRANS I MENUTS, y se comprometen a no ceder su uso a terceros, ya sea temporal o permanente, ni a permitir su acceso a personas ajenas.En virtud de lo anterior, es obligaci\u00f3n del Usuario notificar de forma inmediata al Departamento de Sistemas de COLEGIO GRANS I MENUTS, acerca de cualquier hecho que permita el uso indebido de los identificadores y\/o contrase\u00f1as, tales como el robo, extrav\u00edo, o el acceso no autorizado a los mismos, con el fin de proceder su inmediata cancelaci\u00f3n. Mientras no se comuniquen tales hechos, COLEGIO GRANS I MENUTS quedar\u00e1 eximida de cualquier responsabilidad que pudiera derivarse del uso indebido de los identificadores o contrase\u00f1as por terceros no autorizados.<\/li>\r\n<\/ol>\r\n<\/li>\r\n<\/ol>\r\n<ol>\r\n \t<li style=\"list-style-type: none;\">\r\n<ol start=\"4\">\r\n \t<li>No realizar actividades publicitarias, promocionales o de explotaci\u00f3n comercial a trav\u00e9s de los sitios Web , no utilizando los contenidos y en particular la informaci\u00f3n obtenida a trav\u00e9s de los sitios Web para remitir publicidad, enviar mensajes con fines de venta o con cualquier otro fin comercial, ni para recoger o almacenar datos personales de terceros.<\/li>\r\n<\/ol>\r\n<\/li>\r\n<\/ol>\r\n<ol>\r\n \t<li style=\"list-style-type: none;\">\r\n<ol start=\"5\">\r\n \t<li>No utilizar identidades falsas, ni suplantar la identidad de otros en la utilizaci\u00f3n de los sitios Web o en la utilizaci\u00f3n de cualquiera de los servicios de los sitios Web, incluyendo la utilizaci\u00f3n en su caso de contrase\u00f1as o claves de acceso de terceros o de cualquier otra forma.<\/li>\r\n<\/ol>\r\n<\/li>\r\n<\/ol>\r\n<ol>\r\n \t<li style=\"list-style-type: none;\">\r\n<ol start=\"6\">\r\n \t<li>No destruir, alterar, utilizar para su uso, inutilizar o da\u00f1ar los datos, informaciones, programas o documentos electr\u00f3nicos de COLEGIO GRANS I MENUTS o terceros.<\/li>\r\n<\/ol>\r\n<\/li>\r\n<\/ol>\r\n<b>V. CONDICIONES Y T\u00c9RMINOS DE USO PARTICULARES DE DETERMINADOS SERVICIOS<\/b>\r\n\r\nAlgunos servicios pertenecientes a COLEGIO GRANS I MENUTS disponen, por sus peculiaridades de condiciones y t\u00e9rminos de uso particulares. A los mismos les ser\u00e1n de aplicaci\u00f3n las condiciones generales aplicables enunciadas en el apartado anterior en tanto en cuanto no se opongan a las condiciones particulares.\r\n\r\n<b>VI. EXONERACI\u00d3N DE RESPONSABILIDAD DE COLEGIO GRANS I MENUTS<\/b>\r\n\r\nCOLEGIO GRANS I MENUTS no ser\u00e1 responsable, con car\u00e1cter general, respecto del uso inadecuado del sitio Web titularidad de COLEGIO GRANS I MENUTS.- Los Usuarios deber\u00e1n realizar un uso adecuado del www.gransimenuts.org y dem\u00e1s direcciones electr\u00f3nicas, de acuerdo con las condiciones y t\u00e9rminos anteriores, sin que ninguna responsabilidad pueda tener COLEGIO GRANS I MENUTS por la utilizaci\u00f3n indebida.\r\n\r\nRespecto al uso fraudulento del Nombre de Usuario y Contrase\u00f1a.- COLEGIO GRANS I MENUTS queda exonerada de cualquier responsabilidad por el uso fraudulento de dichas claves por el titular o por un tercero.\r\n\r\nRespecto de posibles deficiencias t\u00e9cnicas.- COLEGIO GRANS I MENUTS no ser\u00e1 responsable en ning\u00fan caso de las alteraciones en el servicio que se produzcan por fallos en la red el\u00e9ctrica, en la red de conexi\u00f3n de datos, en el servidor o en cualesquiera prestaciones.\r\n\r\nRespecto al acceso por terceros a su sistema.- COLEGIO GRANS I MENUTS adoptar\u00e1 las cautelas t\u00e9cnicas necesarias a fin de proteger los datos e informaci\u00f3n a la que se accede, pero sin que sea responsable de actuaciones de terceros que, vulnerando las medidas de seguridad establecidas, accedan a los citados datos.\r\n\r\nRespecto a la exactitud de la Informaci\u00f3n.- Las informaciones contenidas en el sitio han sido elaboradas exclusivamente con car\u00e1cter divulgativo y no tienen valor oficial, salvo cuando as\u00ed se indique.\r\n\r\nLas informaciones y contenidos existentes pueden ser cambiados o retirados sin previo aviso. Igualmente se podr\u00e1n realizar mejoras o cambios en los productos, servicios, dise\u00f1o o programas utilizados para su funcionamiento en cualquier momento y sin previo aviso\r\n\r\nResponsabilidad respecto de Hipertextos y Enlaces con otros Sitios o P\u00e1ginas.- El sitio contiene enlaces (links) a otras p\u00e1ginas de terceros, cuyos contenidos no puede controlar en todo momento. La conexi\u00f3n de un Usuario desde el sitio con estos otros lugares de la red ajenos a nuestra empresa se realizar\u00e1, por tanto, bajo la exclusiva responsabilidad del navegante.\r\n\r\nEn consecuencia, el sitio no puede garantizar, en relaci\u00f3n a estas otras p\u00e1ginas, su calidad, exactitud o adecuaci\u00f3n. En modo alguno se puede considerar que dichas conexiones sean una prolongaci\u00f3n de nuestra p\u00e1gina, ni que compartamos los puntos de vista en ellas expresados o tengamos relaci\u00f3n alguna con los productos o servicios proporcionados o vendidos por las mismas.\r\n\r\nNo obstante, si observase en ellas cualquier informaci\u00f3n que pudiese resultar contraria a las leyes, a la dignidad de las personas, o de car\u00e1cter racista, xen\u00f3fobo o de apolog\u00eda del terrorismo o la violencia, rogamos que nos lo comunique mediante correo electr\u00f3nico a la direcci\u00f3n\u00a0<a href=\"mailto:secretaria@gransimenuts.org\">secretaria@gransimenuts.org<\/a>\u00a0.es a fin de estudiar la conveniencia de eliminarlas.\r\n\r\n<b>VII. LEGISLACI\u00d3N APLICABLE Y JURISDICCI\u00d3N<\/b>\r\n\r\nLas presentes condiciones y t\u00e9rminos, se regir\u00e1n por las normas estatutarias, reglamentarias y por la legislaci\u00f3n espa\u00f1ola, que ser\u00e1 de aplicaci\u00f3n en lo no dispuesto en este aviso legal en materia de interpretaci\u00f3n, validez y ejecuci\u00f3n.\r\n\r\nLas partes renuncian expresamente al fuero que les pudiera corresponder y someten expresamente a los Juzgados y Tribunales de Castell\u00f3n para resolver cualquier controversia que pueda surgir en la interpretaci\u00f3n o ejecuci\u00f3n de las presentes condiciones.\r\n\r\n&nbsp;\r\n\r\n&nbsp;\t\t\t\t\t\t<\/div>\n\t\t\t\t<\/div>\n\t\t\t\t\t<\/div>\n\t\t<\/div>\n\t\t\t\t\t\t\t<\/div>\n\t\t<\/section>\n\t\t\t\t\t\t\t<\/div>","protected":false},"excerpt":{"rendered":"<p>I. DATOS IDENTIFICATIVOS De acuerdo con el art\u00edculo 10 de la Ley 34\/2002, de Servicios de la Sociedad de la Informaci\u00f3n y Comercio Electr\u00f3nico, ponemos en su conocimiento la siguiente informaci\u00f3n: El sitio Web\u00a0www.gransimenuts.org es titularidad de Cooperativa de Ense\u00f1anza LA PLANA, (en adelante Colegio Grans i Menuts), domiciliada en Cuadra La Torta n\u00ba4, 12006 [&hellip;]<\/p>","protected":false},"author":1,"featured_media":0,"parent":0,"menu_order":0,"comment_status":"closed","ping_status":"closed","template":"","meta":[],"_links":{"self":[{"href":"https:\/\/gransimenuts.org\/val\/wp-json\/wp\/v2\/pages\/2961"}],"collection":[{"href":"https:\/\/gransimenuts.org\/val\/wp-json\/wp\/v2\/pages"}],"about":[{"href":"https:\/\/gransimenuts.org\/val\/wp-json\/wp\/v2\/types\/page"}],"author":[{"embeddable":true,"href":"https:\/\/gransimenuts.org\/val\/wp-json\/wp\/v2\/users\/1"}],"replies":[{"embeddable":true,"href":"https:\/\/gransimenuts.org\/val\/wp-json\/wp\/v2\/comments?post=2961"}],"version-history":[{"count":9,"href":"https:\/\/gransimenuts.org\/val\/wp-json\/wp\/v2\/pages\/2961\/revisions"}],"predecessor-version":[{"id":3810,"href":"https:\/\/gransimenuts.org\/val\/wp-json\/wp\/v2\/pages\/2961\/revisions\/3810"}],"wp:attachment":[{"href":"https:\/\/gransimenuts.org\/val\/wp-json\/wp\/v2\/media?parent=2961"}],"curies":[{"name":"wp","href":"https:\/\/api.w.org\/{rel}","templated":true}]}}