{"id":25,"date":"2022-09-06T06:45:48","date_gmt":"2022-09-06T06:45:48","guid":{"rendered":"https:\/\/gransimenuts.org\/?page_id=25"},"modified":"2023-06-30T06:21:26","modified_gmt":"2023-06-30T06:21:26","slug":"etapas","status":"publish","type":"page","link":"https:\/\/gransimenuts.org\/val\/etapas\/","title":{"rendered":"Etapes"},"content":{"rendered":"<div data-elementor-type=\"wp-page\" data-elementor-id=\"25\" class=\"elementor elementor-25\">\n\t\t\t\t\t\t\t\t\t<section class=\"elementor-section elementor-top-section elementor-element elementor-element-cb75f1c elementor-section-full_width elementor-section-height-default elementor-section-height-default\" data-id=\"cb75f1c\" data-element_type=\"section\">\n\t\t\t\t\t\t<div class=\"elementor-container elementor-column-gap-default\">\n\t\t\t\t\t<div class=\"elementor-column elementor-col-50 elementor-top-column elementor-element elementor-element-b7a141a elementor-hidden-mobile\" data-id=\"b7a141a\" data-element_type=\"column\" data-settings=\"{&quot;background_background&quot;:&quot;classic&quot;}\">\n\t\t\t<div class=\"elementor-widget-wrap elementor-element-populated\">\n\t\t\t\t\t\t\t\t<div class=\"elementor-element elementor-element-6fd42ac eael-simple-menu-hamburger-align-left eael-hamburger--none elementor-widget__width-initial eael_simple_menu_hamburger_disable_selected_menu_no elementor-widget elementor-widget-global elementor-global-3302 elementor-widget-eael-simple-menu\" data-id=\"6fd42ac\" data-element_type=\"widget\" data-settings=\"{&quot;sticky&quot;:&quot;top&quot;,&quot;sticky_offset&quot;:98,&quot;sticky_on&quot;:[&quot;desktop&quot;,&quot;tablet&quot;,&quot;mobile&quot;],&quot;sticky_effects_offset&quot;:0}\" data-widget_type=\"eael-simple-menu.default\">\n\t\t\t\t<div class=\"elementor-widget-container\">\n\t\t\t<div data-hamburger-icon=\"&lt;i aria-hidden=&quot;true&quot; class=&quot;fas fa-bars&quot;&gt;&lt;\/i&gt;\" data-indicator-class=\"fas fa-angle-down\" data-dropdown-indicator-class=\"fas fa-angle-down\" class=\"eael-simple-menu-container eael-simple-menu-align-left eael-simple-menu-dropdown-align-left preset-1\" data-hamburger-breakpoints=\"{&quot;mobile&quot;:&quot;M\\u00f2bil vertical (&gt; 767px)&quot;,&quot;tablet&quot;:&quot;Tauleta vertical (&gt; 1024px)&quot;,&quot;desktop&quot;:&quot;Desktop (&gt; 2400px)&quot;,&quot;none&quot;:&quot;None&quot;}\" data-hamburger-device=\"none\"><ul id=\"menu-menu-desktop-header\" class=\"eael-simple-menu eael-simple-menu-dropdown-animate-to-top eael-simple-menu-indicator eael-simple-menu-vertical\"><li id=\"menu-item-1189\" class=\"imagen_fondo menu-item menu-item-type-custom menu-item-object-custom menu-item-has-children menu-item-1189\"><a href=\"#\">El col\u00b7legi<\/a>\n<ul class=\"sub-menu\">\n\t<li id=\"menu-item-1146\" class=\"menu-item menu-item-type-post_type menu-item-object-page menu-item-1146\"><a href=\"https:\/\/gransimenuts.org\/val\/el-centro\/\">El centre<\/a><\/li>\n\t<li id=\"menu-item-1145\" class=\"menu-item menu-item-type-post_type menu-item-object-page menu-item-1145\"><a href=\"https:\/\/gransimenuts.org\/val\/portal-de-transparencia\/\">Portal de transparencia<\/a><\/li>\n<\/ul>\n<\/li>\n<li id=\"menu-item-99\" class=\"menu-item menu-item-type-post_type menu-item-object-page menu-item-99\"><a href=\"https:\/\/gransimenuts.org\/val\/servicios\/\">Serveis<\/a><\/li>\n<li id=\"menu-item-1278\" class=\"menu-item menu-item-type-custom menu-item-object-custom menu-item-has-children menu-item-1278\"><a href=\"#\">Proyecto Educativo<\/a>\n<ul class=\"sub-menu\">\n\t<li id=\"menu-item-1272\" class=\"submenu menu-item menu-item-type-post_type menu-item-object-page menu-item-1272\"><a href=\"https:\/\/gransimenuts.org\/val\/principios\/\">Principis<\/a><\/li>\n\t<li id=\"menu-item-1277\" class=\"submenu menu-item menu-item-type-post_type menu-item-object-page menu-item-1277\"><a href=\"https:\/\/gransimenuts.org\/val\/modelo-educativo\/\">Modelo Educativo<\/a><\/li>\n\t<li id=\"menu-item-1276\" class=\"submenu menu-item menu-item-type-post_type menu-item-object-page menu-item-1276\"><a href=\"https:\/\/gransimenuts.org\/val\/proyecto-plurilingue\/\">Projecte pluriling\u00fce<\/a><\/li>\n\t<li id=\"menu-item-1275\" class=\"submenu menu-item menu-item-type-post_type menu-item-object-page menu-item-1275\"><a href=\"https:\/\/gransimenuts.org\/val\/proyecto-deportivo\/\">Projecte esportiu<\/a><\/li>\n\t<li id=\"menu-item-1274\" class=\"submenu menu-item menu-item-type-post_type menu-item-object-page menu-item-1274\"><a href=\"https:\/\/gransimenuts.org\/val\/proyecto-solidario\/\">Projecte solidari<\/a><\/li>\n\t<li id=\"menu-item-1273\" class=\"submenu menu-item menu-item-type-post_type menu-item-object-page menu-item-1273\"><a href=\"https:\/\/gransimenuts.org\/val\/proyecto-xarxa-2030\/\">Projecte xarxa 2030<\/a><\/li>\n<\/ul>\n<\/li>\n<li id=\"menu-item-96\" class=\"menu-item menu-item-type-post_type menu-item-object-page menu-item-96\"><a href=\"https:\/\/gransimenuts.org\/val\/etapas\/\">Etapes<\/a><\/li>\n<li id=\"menu-item-1064\" class=\"menu-item menu-item-type-custom menu-item-object-custom menu-item-1064\"><a href=\"https:\/\/gransimenuts.org\/val\/secretaria\/\">Secretaria<\/a><\/li>\n<li id=\"menu-item-93\" class=\"menu-item menu-item-type-post_type menu-item-object-page current_page_parent menu-item-93\"><a href=\"https:\/\/gransimenuts.org\/val\/actualidad\/\">Actualitat<\/a><\/li>\n<li id=\"menu-item-94\" class=\"menu-item menu-item-type-post_type menu-item-object-page menu-item-94\"><a href=\"https:\/\/gransimenuts.org\/val\/contacto\/\">Contacte<\/a><\/li>\n<li id=\"menu-item-3076\" class=\"menu-item menu-item-type-custom menu-item-object-custom menu-item-3076\"><a href=\"https:\/\/www.google.com\/maps\/@39.9868306,-0.0773462,3a,90y,243.25h,86.75t\/data=!3m7!1e1!3m5!1sAF1QipMnVpMW_J0ldnaKGYIMqpf2yVMak6A-fRN1PhcX!2e10!3e12!7i8000!8i4000\" target=\"_blank\" rel=\"noopener\"><a href=\"https:\/\/www.google.com\/maps\/@39.9868306,-0.0773462,3a,90y,243.25h,86.75t\/data=!3m7!1e1!3m5!1sAF1QipMnVpMW_J0ldnaKGYIMqpf2yVMak6A-fRN1PhcX!2e10!3e12!7i8000!8i4000\" target=\"_blank\" rel=\"noopener\">Plano interactivo<\/a><\/a><\/li>\n<\/ul><\/div>\t\t<\/div>\n\t\t\t\t<\/div>\n\t\t\t\t\t<\/div>\n\t\t<\/div>\n\t\t\t\t<div class=\"elementor-column elementor-col-50 elementor-top-column elementor-element elementor-element-543e155\" data-id=\"543e155\" data-element_type=\"column\">\n\t\t\t<div class=\"elementor-widget-wrap elementor-element-populated\">\n\t\t\t\t\t\t\t\t<div class=\"elementor-element elementor-element-c6c3e0e elementor-widget elementor-widget-heading\" data-id=\"c6c3e0e\" data-element_type=\"widget\" data-widget_type=\"heading.default\">\n\t\t\t\t<div class=\"elementor-widget-container\">\n\t\t\t<style>\/*! elementor - v3.14.0 - 26-06-2023 *\/\n.elementor-heading-title{padding:0;margin:0;line-height:1}.elementor-widget-heading .elementor-heading-title[class*=elementor-size-]>a{color:inherit;font-size:inherit;line-height:inherit}.elementor-widget-heading .elementor-heading-title.elementor-size-small{font-size:15px}.elementor-widget-heading .elementor-heading-title.elementor-size-medium{font-size:19px}.elementor-widget-heading .elementor-heading-title.elementor-size-large{font-size:29px}.elementor-widget-heading .elementor-heading-title.elementor-size-xl{font-size:39px}.elementor-widget-heading .elementor-heading-title.elementor-size-xxl{font-size:59px}<\/style><h2 class=\"elementor-heading-title elementor-size-default\">Etapes<\/h2>\t\t<\/div>\n\t\t\t\t<\/div>\n\t\t\t\t<div class=\"elementor-element elementor-element-4ad12c7 elementor-widget elementor-widget-image\" data-id=\"4ad12c7\" data-element_type=\"widget\" data-widget_type=\"image.default\">\n\t\t\t\t<div class=\"elementor-widget-container\">\n\t\t\t<style>\/*! elementor - v3.14.0 - 26-06-2023 *\/\n.elementor-widget-image{text-align:center}.elementor-widget-image a{display:inline-block}.elementor-widget-image a img[src$=\".svg\"]{width:48px}.elementor-widget-image img{vertical-align:middle;display:inline-block}<\/style>\t\t\t\t\t\t\t\t\t\t\t\t<img decoding=\"async\" width=\"2560\" height=\"1555\" src=\"https:\/\/gransimenuts.org\/wp-content\/uploads\/2022\/11\/13.-Principios-educativos-1-scaled-e1669202395275.jpg\" class=\"attachment-full size-full wp-image-2057\" alt=\"\" loading=\"lazy\" srcset=\"https:\/\/gransimenuts.org\/wp-content\/uploads\/2022\/11\/13.-Principios-educativos-1-scaled-e1669202395275.jpg 2560w, https:\/\/gransimenuts.org\/wp-content\/uploads\/2022\/11\/13.-Principios-educativos-1-scaled-e1669202395275-300x182.jpg 300w, https:\/\/gransimenuts.org\/wp-content\/uploads\/2022\/11\/13.-Principios-educativos-1-scaled-e1669202395275-1024x622.jpg 1024w, https:\/\/gransimenuts.org\/wp-content\/uploads\/2022\/11\/13.-Principios-educativos-1-scaled-e1669202395275-768x467.jpg 768w, https:\/\/gransimenuts.org\/wp-content\/uploads\/2022\/11\/13.-Principios-educativos-1-scaled-e1669202395275-1536x933.jpg 1536w, https:\/\/gransimenuts.org\/wp-content\/uploads\/2022\/11\/13.-Principios-educativos-1-scaled-e1669202395275-2048x1244.jpg 2048w, https:\/\/gransimenuts.org\/wp-content\/uploads\/2022\/11\/13.-Principios-educativos-1-scaled-e1669202395275-24x15.jpg 24w, https:\/\/gransimenuts.org\/wp-content\/uploads\/2022\/11\/13.-Principios-educativos-1-scaled-e1669202395275-36x22.jpg 36w, https:\/\/gransimenuts.org\/wp-content\/uploads\/2022\/11\/13.-Principios-educativos-1-scaled-e1669202395275-48x29.jpg 48w\" sizes=\"(max-width: 2560px) 100vw, 2560px\" \/>\t\t\t\t\t\t\t\t\t\t\t\t\t\t\t<\/div>\n\t\t\t\t<\/div>\n\t\t\t\t<div class=\"elementor-element elementor-element-38cd0ac elementor-widget elementor-widget-heading\" data-id=\"38cd0ac\" data-element_type=\"widget\" data-widget_type=\"heading.default\">\n\t\t\t\t<div class=\"elementor-widget-container\">\n\t\t\t<h2 class=\"elementor-heading-title elementor-size-default\">1 i 2 ANYS<\/h2>\t\t<\/div>\n\t\t\t\t<\/div>\n\t\t\t\t<div class=\"elementor-element elementor-element-d470fd7 elementor-widget elementor-widget-text-editor\" data-id=\"d470fd7\" data-element_type=\"widget\" data-widget_type=\"text-editor.default\">\n\t\t\t\t<div class=\"elementor-widget-container\">\n\t\t\t<style>\/*! elementor - v3.14.0 - 26-06-2023 *\/\n.elementor-widget-text-editor.elementor-drop-cap-view-stacked .elementor-drop-cap{background-color:#69727d;color:#fff}.elementor-widget-text-editor.elementor-drop-cap-view-framed .elementor-drop-cap{color:#69727d;border:3px solid;background-color:transparent}.elementor-widget-text-editor:not(.elementor-drop-cap-view-default) .elementor-drop-cap{margin-top:8px}.elementor-widget-text-editor:not(.elementor-drop-cap-view-default) .elementor-drop-cap-letter{width:1em;height:1em}.elementor-widget-text-editor .elementor-drop-cap{float:left;text-align:center;line-height:1;font-size:50px}.elementor-widget-text-editor .elementor-drop-cap-letter{display:inline-block}<\/style>\t\t\t\t<p>Des de la nostra escola infantil d'1 i 2 anys treballem conjuntament amb les fam\u00edlies per a afavorir el desenvolupament dels vostres fills i filles atenent les seves necessitats f\u00edsiques, intel\u00b7lectuals, emocionals i afectives. Tasca que continua en el nostre segon cicle d'educaci\u00f3 infantil.<\/p><p class=\" translation-block\">La nostra metodologia est\u00e0 recolzada per la <strong>reflexi\u00f3 i l'experi\u00e8ncia<\/strong>. Oferim experi\u00e8ncies basades en la manipulaci\u00f3 i el contacte amb l'entorn que es concreten en projectes de treball, tallers, ambients de lliure circulaci\u00f3 i instal\u00b7lacions de joc.<\/p>\t\t\t\t\t\t<\/div>\n\t\t\t\t<\/div>\n\t\t\t\t<div class=\"elementor-element elementor-element-1cfb787 elementor-widget elementor-widget-image\" data-id=\"1cfb787\" data-element_type=\"widget\" data-widget_type=\"image.default\">\n\t\t\t\t<div class=\"elementor-widget-container\">\n\t\t\t\t\t\t\t\t\t\t\t\t\t\t\t<img decoding=\"async\" width=\"2560\" height=\"1180\" src=\"https:\/\/gransimenuts.org\/wp-content\/uploads\/2022\/11\/20221021_094801-scaled.jpg\" class=\"attachment-full size-full wp-image-2055\" alt=\"\" loading=\"lazy\" srcset=\"https:\/\/gransimenuts.org\/wp-content\/uploads\/2022\/11\/20221021_094801-scaled.jpg 2560w, https:\/\/gransimenuts.org\/wp-content\/uploads\/2022\/11\/20221021_094801-300x138.jpg 300w, https:\/\/gransimenuts.org\/wp-content\/uploads\/2022\/11\/20221021_094801-1024x472.jpg 1024w, https:\/\/gransimenuts.org\/wp-content\/uploads\/2022\/11\/20221021_094801-768x354.jpg 768w, https:\/\/gransimenuts.org\/wp-content\/uploads\/2022\/11\/20221021_094801-1536x708.jpg 1536w, https:\/\/gransimenuts.org\/wp-content\/uploads\/2022\/11\/20221021_094801-2048x944.jpg 2048w, https:\/\/gransimenuts.org\/wp-content\/uploads\/2022\/11\/20221021_094801-24x11.jpg 24w, https:\/\/gransimenuts.org\/wp-content\/uploads\/2022\/11\/20221021_094801-36x17.jpg 36w, https:\/\/gransimenuts.org\/wp-content\/uploads\/2022\/11\/20221021_094801-48x22.jpg 48w\" sizes=\"(max-width: 2560px) 100vw, 2560px\" \/>\t\t\t\t\t\t\t\t\t\t\t\t\t\t\t<\/div>\n\t\t\t\t<\/div>\n\t\t\t\t<div class=\"elementor-element elementor-element-94cf30f elementor-widget elementor-widget-heading\" data-id=\"94cf30f\" data-element_type=\"widget\" data-widget_type=\"heading.default\">\n\t\t\t\t<div class=\"elementor-widget-container\">\n\t\t\t<h2 class=\"elementor-heading-title elementor-size-default\">IINFANTIL 3, 4 I 5 ANYS<\/h2>\t\t<\/div>\n\t\t\t\t<\/div>\n\t\t\t\t<div class=\"elementor-element elementor-element-0f84d09 elementor-widget elementor-widget-text-editor\" data-id=\"0f84d09\" data-element_type=\"widget\" data-widget_type=\"text-editor.default\">\n\t\t\t\t<div class=\"elementor-widget-container\">\n\t\t\t\t\t\t\t<p class=\" translation-block\">En el segon cicle de l'educaci\u00f3 infantil (3 a 6 anys) <strong>comen\u00e7a la part concertada del nostre col\u00b7legi.<\/strong><\/p><p>A m\u00e9s de continuar amb el nostre objectiu de desenvolupar les necessitats f\u00edsiques, intel\u00b7lectuals, emocionals i afectives en la inf\u00e0ncia, comencen els projectes de treball a les aules. Aprofitant la seva\ncuriositat guiem la seva recerca, planifiquem activitats per a aconseguir resoldre les seves hip\u00f2tesis i traure les conclusions. Tot aix\u00f2 sempre de manera vivencial, manipulativa i significativa per a\nl'aprenentatge de l'alumnat.<\/p><p>Durant tota l'etapa educativa la participaci\u00f3 de les fam\u00edlies en les activitats i tallers \u00e9s fonamental per a aconseguir una veritable comunitat d'aprenentatge.<\/p>\t\t\t\t\t\t<\/div>\n\t\t\t\t<\/div>\n\t\t\t\t<div class=\"elementor-element elementor-element-489ff16 elementor-widget elementor-widget-image\" data-id=\"489ff16\" data-element_type=\"widget\" data-widget_type=\"image.default\">\n\t\t\t\t<div class=\"elementor-widget-container\">\n\t\t\t\t\t\t\t\t\t\t\t\t\t\t\t<img decoding=\"async\" width=\"2560\" height=\"1180\" src=\"https:\/\/gransimenuts.org\/wp-content\/uploads\/2022\/11\/11.-Extraescolares-y-complementarias-9-scaled.jpg\" class=\"attachment-full size-full wp-image-2054\" alt=\"\" loading=\"lazy\" srcset=\"https:\/\/gransimenuts.org\/wp-content\/uploads\/2022\/11\/11.-Extraescolares-y-complementarias-9-scaled.jpg 2560w, https:\/\/gransimenuts.org\/wp-content\/uploads\/2022\/11\/11.-Extraescolares-y-complementarias-9-300x138.jpg 300w, https:\/\/gransimenuts.org\/wp-content\/uploads\/2022\/11\/11.-Extraescolares-y-complementarias-9-1024x472.jpg 1024w, https:\/\/gransimenuts.org\/wp-content\/uploads\/2022\/11\/11.-Extraescolares-y-complementarias-9-768x354.jpg 768w, https:\/\/gransimenuts.org\/wp-content\/uploads\/2022\/11\/11.-Extraescolares-y-complementarias-9-1536x708.jpg 1536w, https:\/\/gransimenuts.org\/wp-content\/uploads\/2022\/11\/11.-Extraescolares-y-complementarias-9-2048x944.jpg 2048w, https:\/\/gransimenuts.org\/wp-content\/uploads\/2022\/11\/11.-Extraescolares-y-complementarias-9-24x11.jpg 24w, https:\/\/gransimenuts.org\/wp-content\/uploads\/2022\/11\/11.-Extraescolares-y-complementarias-9-36x17.jpg 36w, https:\/\/gransimenuts.org\/wp-content\/uploads\/2022\/11\/11.-Extraescolares-y-complementarias-9-48x22.jpg 48w\" sizes=\"(max-width: 2560px) 100vw, 2560px\" \/>\t\t\t\t\t\t\t\t\t\t\t\t\t\t\t<\/div>\n\t\t\t\t<\/div>\n\t\t\t\t<div class=\"elementor-element elementor-element-47dc09b elementor-widget elementor-widget-heading\" data-id=\"47dc09b\" data-element_type=\"widget\" data-widget_type=\"heading.default\">\n\t\t\t\t<div class=\"elementor-widget-container\">\n\t\t\t<h2 class=\"elementor-heading-title elementor-size-default\">PRIM\u00c0RIA<\/h2>\t\t<\/div>\n\t\t\t\t<\/div>\n\t\t\t\t<div class=\"elementor-element elementor-element-8ed8e38 elementor-widget elementor-widget-text-editor\" data-id=\"8ed8e38\" data-element_type=\"widget\" data-widget_type=\"text-editor.default\">\n\t\t\t\t<div class=\"elementor-widget-container\">\n\t\t\t\t\t\t\t<p class=\" translation-block\">L'etapa d'educaci\u00f3 prim\u00e0ria abasta des dels 6 als 12 anys. Facilitem aprenentatges d'expressi\u00f3 i comprensi\u00f3 oral, lectura, escriptura, nocions b\u00e0siques de cultura i conviv\u00e8ncia, aix\u00ed com h\u00e0bits d'estudi i treball. Amb tot aix\u00f2 garantim una <strong>formaci\u00f3 integral<\/strong> que contribueix al ple desenvolupament de la seva personalitat i establim les bases perqu\u00e8 cursen amb aprofitament <strong>l'Educaci\u00f3 Secund\u00e0ria Obligat\u00f2ria.<\/strong><\/p>\t\t\t\t\t\t<\/div>\n\t\t\t\t<\/div>\n\t\t\t\t<div class=\"elementor-element elementor-element-756f2f5 elementor-widget elementor-widget-image\" data-id=\"756f2f5\" data-element_type=\"widget\" data-widget_type=\"image.default\">\n\t\t\t\t<div class=\"elementor-widget-container\">\n\t\t\t\t\t\t\t\t\t\t\t\t\t\t\t<img decoding=\"async\" width=\"1080\" height=\"924\" src=\"https:\/\/gransimenuts.org\/wp-content\/uploads\/2023\/05\/Secundaria-1.jpg\" class=\"attachment-full size-full wp-image-3093\" alt=\"\" loading=\"lazy\" srcset=\"https:\/\/gransimenuts.org\/wp-content\/uploads\/2023\/05\/Secundaria-1.jpg 1080w, https:\/\/gransimenuts.org\/wp-content\/uploads\/2023\/05\/Secundaria-1-300x257.jpg 300w, https:\/\/gransimenuts.org\/wp-content\/uploads\/2023\/05\/Secundaria-1-1024x876.jpg 1024w, https:\/\/gransimenuts.org\/wp-content\/uploads\/2023\/05\/Secundaria-1-768x657.jpg 768w\" sizes=\"(max-width: 1080px) 100vw, 1080px\" \/>\t\t\t\t\t\t\t\t\t\t\t\t\t\t\t<\/div>\n\t\t\t\t<\/div>\n\t\t\t\t<div class=\"elementor-element elementor-element-73d6cd7 elementor-widget elementor-widget-heading\" data-id=\"73d6cd7\" data-element_type=\"widget\" data-widget_type=\"heading.default\">\n\t\t\t\t<div class=\"elementor-widget-container\">\n\t\t\t<h2 class=\"elementor-heading-title elementor-size-default\">SECUND\u00c0RIA<\/h2>\t\t<\/div>\n\t\t\t\t<\/div>\n\t\t\t\t<div class=\"elementor-element elementor-element-cf1a8c6 elementor-widget elementor-widget-text-editor\" data-id=\"cf1a8c6\" data-element_type=\"widget\" data-widget_type=\"text-editor.default\">\n\t\t\t\t<div class=\"elementor-widget-container\">\n\t\t\t\t\t\t\t<p class=\" translation-block\">L'etapa d'educaci\u00f3 secund\u00e0ria abasta des dels 12 als 16 anys. \u00c9s un per\u00edode de canvis importants en el qual el nostre objectiu \u00e9s acompanyar en el cam\u00ed perqu\u00e8 l'alumnat puga aconseguir una identitat pr\u00f2pia, potenciant la seva autoestima, per a aconseguir la seva pr\u00f2pia maduresa i ser capa\u00e7 de desenvolupar una filosofia de vida compromesa, emp\u00e0tica, cr\u00edtica i dialogant.<\/p>\t\t\t\t\t\t<\/div>\n\t\t\t\t<\/div>\n\t\t\t\t<div class=\"elementor-element elementor-element-25f8c5d elementor-widget elementor-widget-image\" data-id=\"25f8c5d\" data-element_type=\"widget\" data-widget_type=\"image.default\">\n\t\t\t\t<div class=\"elementor-widget-container\">\n\t\t\t\t\t\t\t\t\t\t\t\t\t\t\t<img decoding=\"async\" width=\"2560\" height=\"1920\" src=\"https:\/\/gransimenuts.org\/wp-content\/uploads\/2023\/06\/Educacion-especial-esp-scaled.jpg\" class=\"attachment-full size-full wp-image-3522\" alt=\"\" loading=\"lazy\" srcset=\"https:\/\/gransimenuts.org\/wp-content\/uploads\/2023\/06\/Educacion-especial-esp-scaled.jpg 2560w, https:\/\/gransimenuts.org\/wp-content\/uploads\/2023\/06\/Educacion-especial-esp-300x225.jpg 300w, https:\/\/gransimenuts.org\/wp-content\/uploads\/2023\/06\/Educacion-especial-esp-1024x768.jpg 1024w, https:\/\/gransimenuts.org\/wp-content\/uploads\/2023\/06\/Educacion-especial-esp-768x576.jpg 768w, https:\/\/gransimenuts.org\/wp-content\/uploads\/2023\/06\/Educacion-especial-esp-1536x1152.jpg 1536w, https:\/\/gransimenuts.org\/wp-content\/uploads\/2023\/06\/Educacion-especial-esp-2048x1536.jpg 2048w\" sizes=\"(max-width: 2560px) 100vw, 2560px\" \/>\t\t\t\t\t\t\t\t\t\t\t\t\t\t\t<\/div>\n\t\t\t\t<\/div>\n\t\t\t\t<div class=\"elementor-element elementor-element-a3be403 elementor-widget elementor-widget-heading\" data-id=\"a3be403\" data-element_type=\"widget\" data-widget_type=\"heading.default\">\n\t\t\t\t<div class=\"elementor-widget-container\">\n\t\t\t<h2 class=\"elementor-heading-title elementor-size-default\">UNITAT D'EDUCACI\u00d3 ESPECIAL ESPEC\u00cdFICA<\/h2>\t\t<\/div>\n\t\t\t\t<\/div>\n\t\t\t\t<div class=\"elementor-element elementor-element-ca6db94 elementor-widget elementor-widget-text-editor\" data-id=\"ca6db94\" data-element_type=\"widget\" data-widget_type=\"text-editor.default\">\n\t\t\t\t<div class=\"elementor-widget-container\">\n\t\t\t\t\t\t\t<p class=\" translation-block\">Comptem amb una unitat on els alumnes amb <strong>necessitats educatives especials<\/strong> poden desenvolupar al m\u00e0xim les seves capacitats i preparar-se per a la vida adulta, a m\u00e9s de treballar els continguts curriculars totalment adaptats al seu nivell.<\/p><p class=\" translation-block\">A m\u00e9s, cada alumne\/a de l'aula t\u00e9 un <strong>grup de refer\u00e8ncia inclusiu<\/strong> assignat on acudeix en diversos moments del dia per a treballar i relacionar-se amb els seus companys.<\/p>\t\t\t\t\t\t<\/div>\n\t\t\t\t<\/div>\n\t\t\t\t\t<\/div>\n\t\t<\/div>\n\t\t\t\t\t\t\t<\/div>\n\t\t<\/section>\n\t\t\t\t\t\t\t<\/div>","protected":false},"excerpt":{"rendered":"<p>El colegio El centro Portal de transparencia Servicios Proyecto Educativo Principios Modelo Educativo Proyecto pluriling\u00fce Proyecto deportivo Proyecto solidario Proyecto xarxa 2030 Etapas Secretar\u00eda Actualidad Contacto Plano interactivo del centro 1 Y 2 A\u00d1OS Desde nuestra escuela infantil de 1 y 2 a\u00f1os trabajamos conjuntamente con las familias para favorecer el desarrollo de vuestros hijos [&hellip;]<\/p>","protected":false},"author":1,"featured_media":0,"parent":0,"menu_order":0,"comment_status":"closed","ping_status":"closed","template":"elementor_header_footer","meta":[],"_links":{"self":[{"href":"https:\/\/gransimenuts.org\/val\/wp-json\/wp\/v2\/pages\/25"}],"collection":[{"href":"https:\/\/gransimenuts.org\/val\/wp-json\/wp\/v2\/pages"}],"about":[{"href":"https:\/\/gransimenuts.org\/val\/wp-json\/wp\/v2\/types\/page"}],"author":[{"embeddable":true,"href":"https:\/\/gransimenuts.org\/val\/wp-json\/wp\/v2\/users\/1"}],"replies":[{"embeddable":true,"href":"https:\/\/gransimenuts.org\/val\/wp-json\/wp\/v2\/comments?post=25"}],"version-history":[{"count":79,"href":"https:\/\/gransimenuts.org\/val\/wp-json\/wp\/v2\/pages\/25\/revisions"}],"predecessor-version":[{"id":3637,"href":"https:\/\/gransimenuts.org\/val\/wp-json\/wp\/v2\/pages\/25\/revisions\/3637"}],"wp:attachment":[{"href":"https:\/\/gransimenuts.org\/val\/wp-json\/wp\/v2\/media?parent=25"}],"curies":[{"name":"wp","href":"https:\/\/api.w.org\/{rel}","templated":true}]}}