{"id":1242,"date":"2022-11-14T12:18:22","date_gmt":"2022-11-14T12:18:22","guid":{"rendered":"https:\/\/gransimenuts.org\/?page_id=1242"},"modified":"2023-06-12T14:44:09","modified_gmt":"2023-06-12T14:44:09","slug":"proyecto-deportivo","status":"publish","type":"page","link":"https:\/\/gransimenuts.org\/val\/proyecto-deportivo\/","title":{"rendered":"Projecte esportiu"},"content":{"rendered":"<div data-elementor-type=\"wp-page\" data-elementor-id=\"1242\" class=\"elementor elementor-1242\">\n\t\t\t\t\t\t\t\t\t<section class=\"elementor-section elementor-top-section elementor-element elementor-element-7057b4dd elementor-section-full_width elementor-section-height-default elementor-section-height-default\" data-id=\"7057b4dd\" data-element_type=\"section\">\n\t\t\t\t\t\t<div class=\"elementor-container elementor-column-gap-default\">\n\t\t\t\t\t<div class=\"elementor-column elementor-col-50 elementor-top-column elementor-element elementor-element-1cc4dc0e elementor-hidden-mobile\" data-id=\"1cc4dc0e\" data-element_type=\"column\" data-settings=\"{&quot;background_background&quot;:&quot;classic&quot;}\">\n\t\t\t<div class=\"elementor-widget-wrap elementor-element-populated\">\n\t\t\t\t\t\t\t\t<div class=\"elementor-element elementor-element-4cfbfa9 eael-simple-menu-hamburger-align-left eael-hamburger--none elementor-widget__width-initial eael_simple_menu_hamburger_disable_selected_menu_no elementor-widget elementor-widget-global elementor-global-3302 elementor-widget-eael-simple-menu\" data-id=\"4cfbfa9\" data-element_type=\"widget\" data-settings=\"{&quot;sticky&quot;:&quot;top&quot;,&quot;sticky_offset&quot;:98,&quot;sticky_on&quot;:[&quot;desktop&quot;,&quot;tablet&quot;,&quot;mobile&quot;],&quot;sticky_effects_offset&quot;:0}\" data-widget_type=\"eael-simple-menu.default\">\n\t\t\t\t<div class=\"elementor-widget-container\">\n\t\t\t<div data-hamburger-icon=\"&lt;i aria-hidden=&quot;true&quot; class=&quot;fas fa-bars&quot;&gt;&lt;\/i&gt;\" data-indicator-class=\"fas fa-angle-down\" data-dropdown-indicator-class=\"fas fa-angle-down\" class=\"eael-simple-menu-container eael-simple-menu-align-left eael-simple-menu-dropdown-align-left preset-1\" data-hamburger-breakpoints=\"{&quot;mobile&quot;:&quot;M\\u00f2bil vertical (&gt; 767px)&quot;,&quot;tablet&quot;:&quot;Tauleta vertical (&gt; 1024px)&quot;,&quot;desktop&quot;:&quot;Desktop (&gt; 2400px)&quot;,&quot;none&quot;:&quot;None&quot;}\" data-hamburger-device=\"none\"><ul id=\"menu-menu-desktop-header\" class=\"eael-simple-menu eael-simple-menu-dropdown-animate-to-top eael-simple-menu-indicator eael-simple-menu-vertical\"><li id=\"menu-item-1189\" class=\"imagen_fondo menu-item menu-item-type-custom menu-item-object-custom menu-item-has-children menu-item-1189\"><a href=\"#\">El col\u00b7legi<\/a>\n<ul class=\"sub-menu\">\n\t<li id=\"menu-item-1146\" class=\"menu-item menu-item-type-post_type menu-item-object-page menu-item-1146\"><a href=\"https:\/\/gransimenuts.org\/val\/el-centro\/\">El centre<\/a><\/li>\n\t<li id=\"menu-item-1145\" class=\"menu-item menu-item-type-post_type menu-item-object-page menu-item-1145\"><a href=\"https:\/\/gransimenuts.org\/val\/portal-de-transparencia\/\">Portal de transparencia<\/a><\/li>\n<\/ul>\n<\/li>\n<li id=\"menu-item-99\" class=\"menu-item menu-item-type-post_type menu-item-object-page menu-item-99\"><a href=\"https:\/\/gransimenuts.org\/val\/servicios\/\">Serveis<\/a><\/li>\n<li id=\"menu-item-1278\" class=\"menu-item menu-item-type-custom menu-item-object-custom menu-item-has-children menu-item-1278\"><a href=\"#\">Proyecto Educativo<\/a>\n<ul class=\"sub-menu\">\n\t<li id=\"menu-item-1272\" class=\"submenu menu-item menu-item-type-post_type menu-item-object-page menu-item-1272\"><a href=\"https:\/\/gransimenuts.org\/val\/principios\/\">Principis<\/a><\/li>\n\t<li id=\"menu-item-1277\" class=\"submenu menu-item menu-item-type-post_type menu-item-object-page menu-item-1277\"><a href=\"https:\/\/gransimenuts.org\/val\/modelo-educativo\/\">Modelo Educativo<\/a><\/li>\n\t<li id=\"menu-item-1276\" class=\"submenu menu-item menu-item-type-post_type menu-item-object-page menu-item-1276\"><a href=\"https:\/\/gransimenuts.org\/val\/proyecto-plurilingue\/\">Projecte pluriling\u00fce<\/a><\/li>\n\t<li id=\"menu-item-1275\" class=\"submenu menu-item menu-item-type-post_type menu-item-object-page menu-item-1275\"><a href=\"https:\/\/gransimenuts.org\/val\/proyecto-deportivo\/\">Projecte esportiu<\/a><\/li>\n\t<li id=\"menu-item-1274\" class=\"submenu menu-item menu-item-type-post_type menu-item-object-page menu-item-1274\"><a href=\"https:\/\/gransimenuts.org\/val\/proyecto-solidario\/\">Projecte solidari<\/a><\/li>\n\t<li id=\"menu-item-1273\" class=\"submenu menu-item menu-item-type-post_type menu-item-object-page menu-item-1273\"><a href=\"https:\/\/gransimenuts.org\/val\/proyecto-xarxa-2030\/\">Projecte xarxa 2030<\/a><\/li>\n<\/ul>\n<\/li>\n<li id=\"menu-item-96\" class=\"menu-item menu-item-type-post_type menu-item-object-page menu-item-96\"><a href=\"https:\/\/gransimenuts.org\/val\/etapas\/\">Etapes<\/a><\/li>\n<li id=\"menu-item-1064\" class=\"menu-item menu-item-type-custom menu-item-object-custom menu-item-1064\"><a href=\"https:\/\/gransimenuts.org\/val\/secretaria\/\">Secretaria<\/a><\/li>\n<li id=\"menu-item-93\" class=\"menu-item menu-item-type-post_type menu-item-object-page current_page_parent menu-item-93\"><a href=\"https:\/\/gransimenuts.org\/val\/actualidad\/\">Actualitat<\/a><\/li>\n<li id=\"menu-item-94\" class=\"menu-item menu-item-type-post_type menu-item-object-page menu-item-94\"><a href=\"https:\/\/gransimenuts.org\/val\/contacto\/\">Contacte<\/a><\/li>\n<li id=\"menu-item-3076\" class=\"menu-item menu-item-type-custom menu-item-object-custom menu-item-3076\"><a href=\"https:\/\/www.google.com\/maps\/@39.9868306,-0.0773462,3a,90y,243.25h,86.75t\/data=!3m7!1e1!3m5!1sAF1QipMnVpMW_J0ldnaKGYIMqpf2yVMak6A-fRN1PhcX!2e10!3e12!7i8000!8i4000\" target=\"_blank\" rel=\"noopener\"><a href=\"https:\/\/www.google.com\/maps\/@39.9868306,-0.0773462,3a,90y,243.25h,86.75t\/data=!3m7!1e1!3m5!1sAF1QipMnVpMW_J0ldnaKGYIMqpf2yVMak6A-fRN1PhcX!2e10!3e12!7i8000!8i4000\" target=\"_blank\" rel=\"noopener\">Plano interactivo<\/a><\/a><\/li>\n<\/ul><\/div>\t\t<\/div>\n\t\t\t\t<\/div>\n\t\t\t\t\t<\/div>\n\t\t<\/div>\n\t\t\t\t<div class=\"elementor-column elementor-col-50 elementor-top-column elementor-element elementor-element-65af9886\" data-id=\"65af9886\" data-element_type=\"column\" data-settings=\"{&quot;background_background&quot;:&quot;classic&quot;}\">\n\t\t\t<div class=\"elementor-widget-wrap elementor-element-populated\">\n\t\t\t\t\t\t\t\t<div class=\"elementor-element elementor-element-4f86a68 elementor-widget elementor-widget-heading\" data-id=\"4f86a68\" data-element_type=\"widget\" data-widget_type=\"heading.default\">\n\t\t\t\t<div class=\"elementor-widget-container\">\n\t\t\t<style>\/*! elementor - v3.14.0 - 26-06-2023 *\/\n.elementor-heading-title{padding:0;margin:0;line-height:1}.elementor-widget-heading .elementor-heading-title[class*=elementor-size-]>a{color:inherit;font-size:inherit;line-height:inherit}.elementor-widget-heading .elementor-heading-title.elementor-size-small{font-size:15px}.elementor-widget-heading .elementor-heading-title.elementor-size-medium{font-size:19px}.elementor-widget-heading .elementor-heading-title.elementor-size-large{font-size:29px}.elementor-widget-heading .elementor-heading-title.elementor-size-xl{font-size:39px}.elementor-widget-heading .elementor-heading-title.elementor-size-xxl{font-size:59px}<\/style><h2 class=\"elementor-heading-title elementor-size-default\">Projecte esportiu<\/h2>\t\t<\/div>\n\t\t\t\t<\/div>\n\t\t\t\t<div class=\"elementor-element elementor-element-440a1d6e elementor-widget elementor-widget-image\" data-id=\"440a1d6e\" data-element_type=\"widget\" data-widget_type=\"image.default\">\n\t\t\t\t<div class=\"elementor-widget-container\">\n\t\t\t<style>\/*! elementor - v3.14.0 - 26-06-2023 *\/\n.elementor-widget-image{text-align:center}.elementor-widget-image a{display:inline-block}.elementor-widget-image a img[src$=\".svg\"]{width:48px}.elementor-widget-image img{vertical-align:middle;display:inline-block}<\/style>\t\t\t\t\t\t\t\t\t\t\t\t<img decoding=\"async\" width=\"800\" height=\"488\" src=\"https:\/\/gransimenuts.org\/wp-content\/uploads\/2022\/11\/16.-Proyecto-deportivo-2-e1669202367748-1024x625.jpeg\" class=\"attachment-large size-large wp-image-2036\" alt=\"\" loading=\"lazy\" srcset=\"https:\/\/gransimenuts.org\/wp-content\/uploads\/2022\/11\/16.-Proyecto-deportivo-2-e1669202367748-1024x625.jpeg 1024w, https:\/\/gransimenuts.org\/wp-content\/uploads\/2022\/11\/16.-Proyecto-deportivo-2-e1669202367748-300x183.jpeg 300w, https:\/\/gransimenuts.org\/wp-content\/uploads\/2022\/11\/16.-Proyecto-deportivo-2-e1669202367748-768x468.jpeg 768w, https:\/\/gransimenuts.org\/wp-content\/uploads\/2022\/11\/16.-Proyecto-deportivo-2-e1669202367748-1536x937.jpeg 1536w, https:\/\/gransimenuts.org\/wp-content\/uploads\/2022\/11\/16.-Proyecto-deportivo-2-e1669202367748-24x15.jpeg 24w, https:\/\/gransimenuts.org\/wp-content\/uploads\/2022\/11\/16.-Proyecto-deportivo-2-e1669202367748-36x22.jpeg 36w, https:\/\/gransimenuts.org\/wp-content\/uploads\/2022\/11\/16.-Proyecto-deportivo-2-e1669202367748-48x29.jpeg 48w, https:\/\/gransimenuts.org\/wp-content\/uploads\/2022\/11\/16.-Proyecto-deportivo-2-e1669202367748.jpeg 1600w\" sizes=\"(max-width: 800px) 100vw, 800px\" \/>\t\t\t\t\t\t\t\t\t\t\t\t\t\t\t<\/div>\n\t\t\t\t<\/div>\n\t\t\t\t<div class=\"elementor-element elementor-element-167c812b elementor-widget elementor-widget-text-editor\" data-id=\"167c812b\" data-element_type=\"widget\" data-widget_type=\"text-editor.default\">\n\t\t\t\t<div class=\"elementor-widget-container\">\n\t\t\t<style>\/*! elementor - v3.14.0 - 26-06-2023 *\/\n.elementor-widget-text-editor.elementor-drop-cap-view-stacked .elementor-drop-cap{background-color:#69727d;color:#fff}.elementor-widget-text-editor.elementor-drop-cap-view-framed .elementor-drop-cap{color:#69727d;border:3px solid;background-color:transparent}.elementor-widget-text-editor:not(.elementor-drop-cap-view-default) .elementor-drop-cap{margin-top:8px}.elementor-widget-text-editor:not(.elementor-drop-cap-view-default) .elementor-drop-cap-letter{width:1em;height:1em}.elementor-widget-text-editor .elementor-drop-cap{float:left;text-align:center;line-height:1;font-size:50px}.elementor-widget-text-editor .elementor-drop-cap-letter{display:inline-block}<\/style>\t\t\t\t<p class=\" translation-block\">Com a centre promotor de <strong>l'activitat f\u00edsica i l'esport<\/strong> reconegut per la Generalitat Valenciana i seguint les recomanacions d'organismes com l'OMS, la UNESCO i el COI, en relaci\u00f3 amb l'educaci\u00f3 per a la salut, considerem fonamental tenir un <strong>projecte esportiu estructurat de manera transversal<\/strong> al llarg de tota l'escolaritzaci\u00f3 en el col\u00b7legi.<\/p><p>S\u00f3n multitud els esports als quals donem acc\u00e9s en tots els cursos, de manera que l'alumnat puga accedir en el col\u00b7legi a la pr\u00e0ctica d'esports minoritaris que possiblement no hagu\u00e9s tingut opci\u00f3 de con\u00e8ixer.\u00a0<\/p><p class=\" translation-block\">Estem en contacte amb les diferents <strong>federacions esportives i s\u00f3n els seus especialistes<\/strong> de primera m\u00e0 els que acudeixen al centre per a impartir les classes d'apropament a aquests esports.<\/p><p class=\" translation-block\">A m\u00e9s, s\u00f3n indispensables per al projecte les <strong>activitats aqu\u00e0tiques<\/strong> com la nataci\u00f3, el waterpolo o la nataci\u00f3 sincronitzada i les sortides de <strong>senderisme<\/strong> i la pr\u00e0ctica de <strong>l'esqu\u00ed.<\/strong><\/p>\t\t\t\t\t\t<\/div>\n\t\t\t\t<\/div>\n\t\t\t\t\t<\/div>\n\t\t<\/div>\n\t\t\t\t\t\t\t<\/div>\n\t\t<\/section>\n\t\t\t\t\t\t\t<\/div>","protected":false},"excerpt":{"rendered":"<p>El colegio El centro Portal de transparencia Servicios Proyecto Educativo Principios Modelo Educativo Proyecto pluriling\u00fce Proyecto deportivo Proyecto solidario Proyecto xarxa 2030 Etapas Secretar\u00eda Actualidad Contacto Plano interactivo del centro Como centro promotor de la actividad f\u00edsica y el deporte reconocido por la Generalitat Valenciana y siguiendo las recomendaciones de organismos como la OMS, la [&hellip;]<\/p>","protected":false},"author":1,"featured_media":0,"parent":0,"menu_order":0,"comment_status":"closed","ping_status":"closed","template":"","meta":[],"_links":{"self":[{"href":"https:\/\/gransimenuts.org\/val\/wp-json\/wp\/v2\/pages\/1242"}],"collection":[{"href":"https:\/\/gransimenuts.org\/val\/wp-json\/wp\/v2\/pages"}],"about":[{"href":"https:\/\/gransimenuts.org\/val\/wp-json\/wp\/v2\/types\/page"}],"author":[{"embeddable":true,"href":"https:\/\/gransimenuts.org\/val\/wp-json\/wp\/v2\/users\/1"}],"replies":[{"embeddable":true,"href":"https:\/\/gransimenuts.org\/val\/wp-json\/wp\/v2\/comments?post=1242"}],"version-history":[{"count":63,"href":"https:\/\/gransimenuts.org\/val\/wp-json\/wp\/v2\/pages\/1242\/revisions"}],"predecessor-version":[{"id":3484,"href":"https:\/\/gransimenuts.org\/val\/wp-json\/wp\/v2\/pages\/1242\/revisions\/3484"}],"wp:attachment":[{"href":"https:\/\/gransimenuts.org\/val\/wp-json\/wp\/v2\/media?parent=1242"}],"curies":[{"name":"wp","href":"https:\/\/api.w.org\/{rel}","templated":true}]}}