{"id":1238,"date":"2022-11-14T12:06:32","date_gmt":"2022-11-14T12:06:32","guid":{"rendered":"https:\/\/gransimenuts.org\/?page_id=1238"},"modified":"2023-09-12T07:41:24","modified_gmt":"2023-09-12T07:41:24","slug":"principios","status":"publish","type":"page","link":"https:\/\/gransimenuts.org\/val\/principios\/","title":{"rendered":"Principis"},"content":{"rendered":"<div data-elementor-type=\"wp-page\" data-elementor-id=\"1238\" class=\"elementor elementor-1238\">\n\t\t\t\t\t\t\t\t\t<section class=\"elementor-section elementor-top-section elementor-element elementor-element-d32d1ca elementor-section-full_width elementor-section-height-default elementor-section-height-default\" data-id=\"d32d1ca\" data-element_type=\"section\">\n\t\t\t\t\t\t<div class=\"elementor-container elementor-column-gap-default\">\n\t\t\t\t\t<div class=\"elementor-column elementor-col-50 elementor-top-column elementor-element elementor-element-3c23906 elementor-hidden-mobile\" data-id=\"3c23906\" data-element_type=\"column\" data-settings=\"{&quot;background_background&quot;:&quot;classic&quot;}\">\n\t\t\t<div class=\"elementor-widget-wrap elementor-element-populated\">\n\t\t\t\t\t\t\t\t<div class=\"elementor-element elementor-element-c1f1f3b eael-simple-menu-hamburger-align-left eael-hamburger--none elementor-widget__width-initial eael_simple_menu_hamburger_disable_selected_menu_no elementor-widget elementor-widget-global elementor-global-3302 elementor-widget-eael-simple-menu\" data-id=\"c1f1f3b\" data-element_type=\"widget\" data-settings=\"{&quot;sticky&quot;:&quot;top&quot;,&quot;sticky_offset&quot;:98,&quot;sticky_on&quot;:[&quot;desktop&quot;,&quot;tablet&quot;,&quot;mobile&quot;],&quot;sticky_effects_offset&quot;:0}\" data-widget_type=\"eael-simple-menu.default\">\n\t\t\t\t<div class=\"elementor-widget-container\">\n\t\t\t<div data-hamburger-icon=\"&lt;i aria-hidden=&quot;true&quot; class=&quot;fas fa-bars&quot;&gt;&lt;\/i&gt;\" data-indicator-class=\"fas fa-angle-down\" data-dropdown-indicator-class=\"fas fa-angle-down\" class=\"eael-simple-menu-container eael-simple-menu-align-left eael-simple-menu-dropdown-align-left preset-1\" data-hamburger-breakpoints=\"{&quot;mobile&quot;:&quot;M\\u00f2bil vertical (&gt; 767px)&quot;,&quot;tablet&quot;:&quot;Tauleta vertical (&gt; 1024px)&quot;,&quot;desktop&quot;:&quot;Desktop (&gt; 2400px)&quot;,&quot;none&quot;:&quot;None&quot;}\" data-hamburger-device=\"none\"><ul id=\"menu-menu-desktop-header\" class=\"eael-simple-menu eael-simple-menu-dropdown-animate-to-top eael-simple-menu-indicator eael-simple-menu-vertical\"><li id=\"menu-item-1189\" class=\"imagen_fondo menu-item menu-item-type-custom menu-item-object-custom menu-item-has-children menu-item-1189\"><a href=\"#\">El col\u00b7legi<\/a>\n<ul class=\"sub-menu\">\n\t<li id=\"menu-item-1146\" class=\"menu-item menu-item-type-post_type menu-item-object-page menu-item-1146\"><a href=\"https:\/\/gransimenuts.org\/val\/el-centro\/\">El centre<\/a><\/li>\n\t<li id=\"menu-item-1145\" class=\"menu-item menu-item-type-post_type menu-item-object-page menu-item-1145\"><a href=\"https:\/\/gransimenuts.org\/val\/portal-de-transparencia\/\">Portal de transparencia<\/a><\/li>\n<\/ul>\n<\/li>\n<li id=\"menu-item-99\" class=\"menu-item menu-item-type-post_type menu-item-object-page menu-item-99\"><a href=\"https:\/\/gransimenuts.org\/val\/servicios\/\">Serveis<\/a><\/li>\n<li id=\"menu-item-1278\" class=\"menu-item menu-item-type-custom menu-item-object-custom menu-item-has-children menu-item-1278\"><a href=\"#\">Proyecto Educativo<\/a>\n<ul class=\"sub-menu\">\n\t<li id=\"menu-item-1272\" class=\"submenu menu-item menu-item-type-post_type menu-item-object-page menu-item-1272\"><a href=\"https:\/\/gransimenuts.org\/val\/principios\/\">Principis<\/a><\/li>\n\t<li id=\"menu-item-1277\" class=\"submenu menu-item menu-item-type-post_type menu-item-object-page menu-item-1277\"><a href=\"https:\/\/gransimenuts.org\/val\/modelo-educativo\/\">Modelo Educativo<\/a><\/li>\n\t<li id=\"menu-item-1276\" class=\"submenu menu-item menu-item-type-post_type menu-item-object-page menu-item-1276\"><a href=\"https:\/\/gransimenuts.org\/val\/proyecto-plurilingue\/\">Projecte pluriling\u00fce<\/a><\/li>\n\t<li id=\"menu-item-1275\" class=\"submenu menu-item menu-item-type-post_type menu-item-object-page menu-item-1275\"><a href=\"https:\/\/gransimenuts.org\/val\/proyecto-deportivo\/\">Projecte esportiu<\/a><\/li>\n\t<li id=\"menu-item-1274\" class=\"submenu menu-item menu-item-type-post_type menu-item-object-page menu-item-1274\"><a href=\"https:\/\/gransimenuts.org\/val\/proyecto-solidario\/\">Projecte solidari<\/a><\/li>\n\t<li id=\"menu-item-1273\" class=\"submenu menu-item menu-item-type-post_type menu-item-object-page menu-item-1273\"><a href=\"https:\/\/gransimenuts.org\/val\/proyecto-xarxa-2030\/\">Projecte xarxa 2030<\/a><\/li>\n<\/ul>\n<\/li>\n<li id=\"menu-item-96\" class=\"menu-item menu-item-type-post_type menu-item-object-page menu-item-96\"><a href=\"https:\/\/gransimenuts.org\/val\/etapas\/\">Etapes<\/a><\/li>\n<li id=\"menu-item-1064\" class=\"menu-item menu-item-type-custom menu-item-object-custom menu-item-1064\"><a href=\"https:\/\/gransimenuts.org\/val\/secretaria\/\">Secretaria<\/a><\/li>\n<li id=\"menu-item-93\" class=\"menu-item menu-item-type-post_type menu-item-object-page current_page_parent menu-item-93\"><a href=\"https:\/\/gransimenuts.org\/val\/actualidad\/\">Actualitat<\/a><\/li>\n<li id=\"menu-item-94\" class=\"menu-item menu-item-type-post_type menu-item-object-page menu-item-94\"><a href=\"https:\/\/gransimenuts.org\/val\/contacto\/\">Contacte<\/a><\/li>\n<li id=\"menu-item-3076\" class=\"menu-item menu-item-type-custom menu-item-object-custom menu-item-3076\"><a href=\"https:\/\/www.google.com\/maps\/@39.9868306,-0.0773462,3a,90y,243.25h,86.75t\/data=!3m7!1e1!3m5!1sAF1QipMnVpMW_J0ldnaKGYIMqpf2yVMak6A-fRN1PhcX!2e10!3e12!7i8000!8i4000\" target=\"_blank\" rel=\"noopener\"><a href=\"https:\/\/www.google.com\/maps\/@39.9868306,-0.0773462,3a,90y,243.25h,86.75t\/data=!3m7!1e1!3m5!1sAF1QipMnVpMW_J0ldnaKGYIMqpf2yVMak6A-fRN1PhcX!2e10!3e12!7i8000!8i4000\" target=\"_blank\" rel=\"noopener\">Plano interactivo<\/a><\/a><\/li>\n<\/ul><\/div>\t\t<\/div>\n\t\t\t\t<\/div>\n\t\t\t\t\t<\/div>\n\t\t<\/div>\n\t\t\t\t<div class=\"elementor-column elementor-col-50 elementor-top-column elementor-element elementor-element-f9cdd39\" data-id=\"f9cdd39\" data-element_type=\"column\" data-settings=\"{&quot;background_background&quot;:&quot;classic&quot;}\">\n\t\t\t<div class=\"elementor-widget-wrap elementor-element-populated\">\n\t\t\t\t\t\t\t\t<div class=\"elementor-element elementor-element-dbb476d elementor-widget elementor-widget-heading\" data-id=\"dbb476d\" data-element_type=\"widget\" data-widget_type=\"heading.default\">\n\t\t\t\t<div class=\"elementor-widget-container\">\n\t\t\t<style>\/*! elementor - v3.14.0 - 26-06-2023 *\/\n.elementor-heading-title{padding:0;margin:0;line-height:1}.elementor-widget-heading .elementor-heading-title[class*=elementor-size-]>a{color:inherit;font-size:inherit;line-height:inherit}.elementor-widget-heading .elementor-heading-title.elementor-size-small{font-size:15px}.elementor-widget-heading .elementor-heading-title.elementor-size-medium{font-size:19px}.elementor-widget-heading .elementor-heading-title.elementor-size-large{font-size:29px}.elementor-widget-heading .elementor-heading-title.elementor-size-xl{font-size:39px}.elementor-widget-heading .elementor-heading-title.elementor-size-xxl{font-size:59px}<\/style><h2 class=\"elementor-heading-title elementor-size-default\">Principis<\/h2>\t\t<\/div>\n\t\t\t\t<\/div>\n\t\t\t\t<div class=\"elementor-element elementor-element-4a0da4f elementor-widget elementor-widget-image\" data-id=\"4a0da4f\" data-element_type=\"widget\" data-widget_type=\"image.default\">\n\t\t\t\t<div class=\"elementor-widget-container\">\n\t\t\t<style>\/*! elementor - v3.14.0 - 26-06-2023 *\/\n.elementor-widget-image{text-align:center}.elementor-widget-image a{display:inline-block}.elementor-widget-image a img[src$=\".svg\"]{width:48px}.elementor-widget-image img{vertical-align:middle;display:inline-block}<\/style>\t\t\t\t\t\t\t\t\t\t\t\t<img decoding=\"async\" width=\"800\" height=\"369\" src=\"https:\/\/gransimenuts.org\/wp-content\/uploads\/2022\/11\/13.-Principios-educativos-4-1024x472.jpg\" class=\"attachment-large size-large wp-image-2031\" alt=\"\" loading=\"lazy\" srcset=\"https:\/\/gransimenuts.org\/wp-content\/uploads\/2022\/11\/13.-Principios-educativos-4-1024x472.jpg 1024w, https:\/\/gransimenuts.org\/wp-content\/uploads\/2022\/11\/13.-Principios-educativos-4-300x138.jpg 300w, https:\/\/gransimenuts.org\/wp-content\/uploads\/2022\/11\/13.-Principios-educativos-4-768x354.jpg 768w, https:\/\/gransimenuts.org\/wp-content\/uploads\/2022\/11\/13.-Principios-educativos-4-1536x708.jpg 1536w, https:\/\/gransimenuts.org\/wp-content\/uploads\/2022\/11\/13.-Principios-educativos-4-2048x944.jpg 2048w, https:\/\/gransimenuts.org\/wp-content\/uploads\/2022\/11\/13.-Principios-educativos-4-24x11.jpg 24w, https:\/\/gransimenuts.org\/wp-content\/uploads\/2022\/11\/13.-Principios-educativos-4-36x17.jpg 36w, https:\/\/gransimenuts.org\/wp-content\/uploads\/2022\/11\/13.-Principios-educativos-4-48x22.jpg 48w\" sizes=\"(max-width: 800px) 100vw, 800px\" \/>\t\t\t\t\t\t\t\t\t\t\t\t\t\t\t<\/div>\n\t\t\t\t<\/div>\n\t\t\t\t<div class=\"elementor-element elementor-element-dcb918b elementor-widget elementor-widget-text-editor\" data-id=\"dcb918b\" data-element_type=\"widget\" data-widget_type=\"text-editor.default\">\n\t\t\t\t<div class=\"elementor-widget-container\">\n\t\t\t<style>\/*! elementor - v3.14.0 - 26-06-2023 *\/\n.elementor-widget-text-editor.elementor-drop-cap-view-stacked .elementor-drop-cap{background-color:#69727d;color:#fff}.elementor-widget-text-editor.elementor-drop-cap-view-framed .elementor-drop-cap{color:#69727d;border:3px solid;background-color:transparent}.elementor-widget-text-editor:not(.elementor-drop-cap-view-default) .elementor-drop-cap{margin-top:8px}.elementor-widget-text-editor:not(.elementor-drop-cap-view-default) .elementor-drop-cap-letter{width:1em;height:1em}.elementor-widget-text-editor .elementor-drop-cap{float:left;text-align:center;line-height:1;font-size:50px}.elementor-widget-text-editor .elementor-drop-cap-letter{display:inline-block}<\/style>\t\t\t\t<p>\u00a0<\/p><p style=\"text-align: center;\">QU\u00c8 ENTENEM PER EDUCACI\u00d3?<\/p><p>L'educaci\u00f3 \u00e9s un proc\u00e9s intencional, que t\u00e9 per objecte completar la humanitat de les generacions joves, at\u00e8s el desenvolupament personal perqu\u00e8 puguen integrar-se com a membres actius i cr\u00edtics en la nostra societat democr\u00e0tica.<\/p><p>\u00a0<\/p><p style=\"text-align: center;\">QUINS S\u00d3N ELS PRINCIPIS DEL NOSTRE PROJECTE EDUCATIU?<\/p><p style=\"text-align: left;\"><strong>1. Fomentar una comunitat d'aprenentatge.<\/strong><br \/>En la nostra funci\u00f3 com a educadors \u00e9s necessari compartir, cooperar i formar junts un projecte com\u00fa, l'objectiu final del qual siga el \n esenvolupament de tots els membres que el formen. Tot aix\u00f2 a trav\u00e9s d'una educaci\u00f3 integradora, participativa i permanent.<\/p><p><strong>2. Potenciar una educaci\u00f3 integral i en valors.<\/strong><br \/>Un requisit essencial de l'educaci\u00f3 \u00e9s que siga integral, que atenga a totes les dimensions de l'alumnat, des de la dimensi\u00f3 intel\u00b7lectual, a la f\u00edsica, passant per l'\u00e8tica, la creativa i l'emocional. L'educaci\u00f3 en cadascuna d'elles dotar\u00e0 al nostre alumnat dels coneixements, eines i habilitats necess\u00e0ries per a poder afrontar nous reptes en el desenvolupament del projecte vital. Fomentant sempre valors com el consum responsable i la conservaci\u00f3 i respecte pel medi ambient.<\/p><p><strong>3. Educar en el respecte pel medi ambient.<\/strong><br \/>La nostra pr\u00e0ctica educativa pret\u00e9n dia a dia desenvolupar h\u00e0bits i generar consci\u00e8ncia i comprom\u00eds per a construir un nou estil de vida, participant en l'activitat complexa i solid\u00e0ria de millorar les relacions entre la humanitat i el seu medi ambient.<\/p><p><strong>4. Apostar per una escola laica.<\/strong><br \/>Com a escola laica no valorem ni ens vinculem a cap de les opcions religioses que es troben presents en la societat. Contemplem aquest fet com una elecci\u00f3 dels individus i de les fam\u00edlies.<\/p><p><strong>5. Apostar per una escola democr\u00e0tica.<\/strong><br \/>Ens identifiquem amb l'escola democr\u00e0tica, que \u00e9s un model que defensa ensenyament impartit a tots per igual. Es caracteritza per tractar d'incloure valors com ara la just\u00edcia, l'equitat, la confian\u00e7a, el respecte i l'autodeterminaci\u00f3. A m\u00e9s les nostres actuacions educatives es troben compromeses en la defensa dels drets humans, en el tracte d'igualtat entre les persones, la defensa de la pau i la just\u00edcia social.<\/p><p><strong>6. Educar en la cooperaci\u00f3.<\/strong><br \/>Un dels objectius m\u00e9s importants que se li encomana a l'escola \u00e9s el de ser un espai per a la socialitzaci\u00f3 per la qual cosa \u00e9s imprescindible afavorir les situacions de relaci\u00f3 entre iguals. Aquesta relaci\u00f3 es converteix en un dels pilars de l'aprenentatge, perqu\u00e8 la construcci\u00f3 del coneixement lluny de ser individual \u00e9s una construcci\u00f3 social.<\/p><p><strong>7. Educar la creativitat.<\/strong><br \/>La capacitat creativa ens faculta per a reinterpretar els nostres aprenentatges, extreure nous significats i desenvolupar la dimensi\u00f3 est\u00e8tica. En aquest sentit, la creativitat \u00e9s l'aplicaci\u00f3 nova d'habilitats i coneixements amb la finalitat d'aconseguir un objectiu.<\/p><p><strong>8. Educar en la ra\u00f3 i el di\u00e0leg.<\/strong><br \/>Educar en la ra\u00f3 suposa educar per a generar arguments en qu\u00e8 sustentar les idees i al mateix temps ser capa\u00e7os tamb\u00e9 d'acceptar i ser persuadits pels arguments dels altres. Igualment important resulta educar amb \u201ccor i ra\u00f3\u201d ja que la ra\u00f3 \u00e9s una facultat preparada per a interpretar els projectes del cor, del m\u00f3n dels\nafectes, dels desitjos. No podem basar-nos \u00fanicament en la ra\u00f3 sense tenir en compte les emocions i sentiments.<\/p><p><strong>9. Ensenyar coneixements rellevants.<\/strong><br \/>\u00c9s per aix\u00f2 que el nostre objectiu \u00e9s, a m\u00e9s d'aprendre aquells coneixements m\u00e9s  ellevants i significatius,  aprendre a aprendre, disposar de les habilitats i eines adequades per a buscar-lo, seleccionar-lo i construir- lo d'acord amb les necessitats i ser capa\u00e7os de transferir all\u00f2 apr\u00e8s a altres \u00e0mbits escolars o socials.<\/p><p><strong>10. Educar en la diversitat.<\/strong><br \/>Com a escola inclusiva, assumim la diversitat en la pr\u00f2pia escola i la pr\u00f2pia aula, reconeixent el dret i l'enriquiment de la difer\u00e8ncia en les seves diverses manifestacions, procurant dotar dels mitjans necessaris per a satisfer les necessitats individuals independentment del g\u00e8nere, les caracter\u00edstiques personals, culturals o socioecon\u00f2miques.<\/p><p><strong>11. Construir una escola pluriling\u00fce.<\/strong><br \/>El nostre col\u00b7legi ha adoptat el programa pluriling\u00fce d\u2019ensenyament en castell\u00e0, en el qual la llengua base de l'ensenyament \u00e9s el castell\u00e0 i el valenci\u00e0 es va incrementant gradualment al llarg dels cursos, potenciant totes dues lleng\u00fces com a lleng\u00fces vehiculars a les aules. Amb aix\u00f2 aconseguim una conviv\u00e8ncia harmoniosa entre totes dues lleng\u00fces i que aix\u00ed, els alumnes vagen adquirint les compet\u00e8ncies en totes dues per igual.<\/p><p><strong>12. Fomentar l'esport i l'educaci\u00f3 per a la salut.<\/strong><br \/>Com a centre promotor de l'esport i seguint les recomanacions d'organismes com l'OMS, la UNESCO i el COI, en relaci\u00f3 amb l'educaci\u00f3 per a la salut, considerem fonamental i transversal aquest punt. S\u00f3n molts els beneficis que produeix l'exercici f\u00edsic en qualsevol persona tant des d'un punt de vista de la salut i de la millora de la condici\u00f3 f\u00edsica, com a beneficis psicol\u00f2gics.<\/p><p><strong>13. Conformar el paper del professorat.<\/strong><br \/>El rol del professorat \u00e9s inspirar perqu\u00e8 aprenguen, inspirar inter\u00e8s i despr\u00e9s crear un aprenentatge que permeta que l'alumnat explore, q\u00fcestione i descobrisca per si mateix. \u00c9s important ressaltar el paper de la fam\u00edlia respecte a l'aprenentatge de l'alumnat: receptiva, participativa, implicada, col\u00b7laboradora, dialogant i<br \/>confiant en el col\u00b7legi. Donant-nos suport m\u00fatuament.<\/p>\t\t\t\t\t\t<\/div>\n\t\t\t\t<\/div>\n\t\t\t\t\t<\/div>\n\t\t<\/div>\n\t\t\t\t\t\t\t<\/div>\n\t\t<\/section>\n\t\t\t\t\t\t\t<\/div>","protected":false},"excerpt":{"rendered":"<p>El colegio El centro Portal de transparencia Servicios Proyecto Educativo Principios Modelo Educativo Proyecto pluriling\u00fce Proyecto deportivo Proyecto solidario Proyecto xarxa 2030 Etapas Secretar\u00eda Actualidad Contacto Plano interactivo del centro \u00bfQU\u00c9 ENTENDEMOS POR EDUCACI\u00d3N? La educaci\u00f3n es un proceso intencional, que tiene por objeto completar la humanidad de las generaciones j\u00f3venes, atendiendo al desarrollo personal [&hellip;]<\/p>","protected":false},"author":1,"featured_media":0,"parent":0,"menu_order":0,"comment_status":"closed","ping_status":"closed","template":"","meta":[],"_links":{"self":[{"href":"https:\/\/gransimenuts.org\/val\/wp-json\/wp\/v2\/pages\/1238"}],"collection":[{"href":"https:\/\/gransimenuts.org\/val\/wp-json\/wp\/v2\/pages"}],"about":[{"href":"https:\/\/gransimenuts.org\/val\/wp-json\/wp\/v2\/types\/page"}],"author":[{"embeddable":true,"href":"https:\/\/gransimenuts.org\/val\/wp-json\/wp\/v2\/users\/1"}],"replies":[{"embeddable":true,"href":"https:\/\/gransimenuts.org\/val\/wp-json\/wp\/v2\/comments?post=1238"}],"version-history":[{"count":73,"href":"https:\/\/gransimenuts.org\/val\/wp-json\/wp\/v2\/pages\/1238\/revisions"}],"predecessor-version":[{"id":3707,"href":"https:\/\/gransimenuts.org\/val\/wp-json\/wp\/v2\/pages\/1238\/revisions\/3707"}],"wp:attachment":[{"href":"https:\/\/gransimenuts.org\/val\/wp-json\/wp\/v2\/media?parent=1238"}],"curies":[{"name":"wp","href":"https:\/\/api.w.org\/{rel}","templated":true}]}}