{"id":1090,"date":"2022-11-11T12:40:05","date_gmt":"2022-11-11T12:40:05","guid":{"rendered":"https:\/\/gransimenuts.org\/?page_id=1090"},"modified":"2023-06-12T14:37:43","modified_gmt":"2023-06-12T14:37:43","slug":"el-centro","status":"publish","type":"page","link":"https:\/\/gransimenuts.org\/val\/el-centro\/","title":{"rendered":"El centre"},"content":{"rendered":"<div data-elementor-type=\"wp-page\" data-elementor-id=\"1090\" class=\"elementor elementor-1090\">\n\t\t\t\t\t\t\t\t\t<section class=\"elementor-section elementor-top-section elementor-element elementor-element-079f2bf elementor-section-full_width elementor-section-height-default elementor-section-height-default\" data-id=\"079f2bf\" data-element_type=\"section\">\n\t\t\t\t\t\t<div class=\"elementor-container elementor-column-gap-default\">\n\t\t\t\t\t<div class=\"elementor-column elementor-col-50 elementor-top-column elementor-element elementor-element-32ab478 elementor-hidden-mobile\" data-id=\"32ab478\" data-element_type=\"column\" data-settings=\"{&quot;background_background&quot;:&quot;classic&quot;}\">\n\t\t\t<div class=\"elementor-widget-wrap elementor-element-populated\">\n\t\t\t\t\t\t\t\t<div class=\"elementor-element elementor-element-209ba10 eael-simple-menu-hamburger-align-left eael-hamburger--none elementor-widget__width-initial eael_simple_menu_hamburger_disable_selected_menu_no elementor-widget elementor-widget-global elementor-global-3302 elementor-widget-eael-simple-menu\" data-id=\"209ba10\" data-element_type=\"widget\" data-settings=\"{&quot;sticky&quot;:&quot;top&quot;,&quot;sticky_offset&quot;:98,&quot;sticky_on&quot;:[&quot;desktop&quot;,&quot;tablet&quot;,&quot;mobile&quot;],&quot;sticky_effects_offset&quot;:0}\" data-widget_type=\"eael-simple-menu.default\">\n\t\t\t\t<div class=\"elementor-widget-container\">\n\t\t\t<div data-hamburger-icon=\"&lt;i aria-hidden=&quot;true&quot; class=&quot;fas fa-bars&quot;&gt;&lt;\/i&gt;\" data-indicator-class=\"fas fa-angle-down\" data-dropdown-indicator-class=\"fas fa-angle-down\" class=\"eael-simple-menu-container eael-simple-menu-align-left eael-simple-menu-dropdown-align-left preset-1\" data-hamburger-breakpoints=\"{&quot;mobile&quot;:&quot;M\\u00f2bil vertical (&gt; 767px)&quot;,&quot;tablet&quot;:&quot;Tauleta vertical (&gt; 1024px)&quot;,&quot;desktop&quot;:&quot;Desktop (&gt; 2400px)&quot;,&quot;none&quot;:&quot;None&quot;}\" data-hamburger-device=\"none\"><ul id=\"menu-menu-desktop-header\" class=\"eael-simple-menu eael-simple-menu-dropdown-animate-to-top eael-simple-menu-indicator eael-simple-menu-vertical\"><li id=\"menu-item-1189\" class=\"imagen_fondo menu-item menu-item-type-custom menu-item-object-custom menu-item-has-children menu-item-1189\"><a href=\"#\">El col\u00b7legi<\/a>\n<ul class=\"sub-menu\">\n\t<li id=\"menu-item-1146\" class=\"menu-item menu-item-type-post_type menu-item-object-page menu-item-1146\"><a href=\"https:\/\/gransimenuts.org\/val\/el-centro\/\">El centre<\/a><\/li>\n\t<li id=\"menu-item-1145\" class=\"menu-item menu-item-type-post_type menu-item-object-page menu-item-1145\"><a href=\"https:\/\/gransimenuts.org\/val\/portal-de-transparencia\/\">Portal de transparencia<\/a><\/li>\n<\/ul>\n<\/li>\n<li id=\"menu-item-99\" class=\"menu-item menu-item-type-post_type menu-item-object-page menu-item-99\"><a href=\"https:\/\/gransimenuts.org\/val\/servicios\/\">Serveis<\/a><\/li>\n<li id=\"menu-item-1278\" class=\"menu-item menu-item-type-custom menu-item-object-custom menu-item-has-children menu-item-1278\"><a href=\"#\">Proyecto Educativo<\/a>\n<ul class=\"sub-menu\">\n\t<li id=\"menu-item-1272\" class=\"submenu menu-item menu-item-type-post_type menu-item-object-page menu-item-1272\"><a href=\"https:\/\/gransimenuts.org\/val\/principios\/\">Principis<\/a><\/li>\n\t<li id=\"menu-item-1277\" class=\"submenu menu-item menu-item-type-post_type menu-item-object-page menu-item-1277\"><a href=\"https:\/\/gransimenuts.org\/val\/modelo-educativo\/\">Modelo Educativo<\/a><\/li>\n\t<li id=\"menu-item-1276\" class=\"submenu menu-item menu-item-type-post_type menu-item-object-page menu-item-1276\"><a href=\"https:\/\/gransimenuts.org\/val\/proyecto-plurilingue\/\">Projecte pluriling\u00fce<\/a><\/li>\n\t<li id=\"menu-item-1275\" class=\"submenu menu-item menu-item-type-post_type menu-item-object-page menu-item-1275\"><a href=\"https:\/\/gransimenuts.org\/val\/proyecto-deportivo\/\">Projecte esportiu<\/a><\/li>\n\t<li id=\"menu-item-1274\" class=\"submenu menu-item menu-item-type-post_type menu-item-object-page menu-item-1274\"><a href=\"https:\/\/gransimenuts.org\/val\/proyecto-solidario\/\">Projecte solidari<\/a><\/li>\n\t<li id=\"menu-item-1273\" class=\"submenu menu-item menu-item-type-post_type menu-item-object-page menu-item-1273\"><a href=\"https:\/\/gransimenuts.org\/val\/proyecto-xarxa-2030\/\">Projecte xarxa 2030<\/a><\/li>\n<\/ul>\n<\/li>\n<li id=\"menu-item-96\" class=\"menu-item menu-item-type-post_type menu-item-object-page menu-item-96\"><a href=\"https:\/\/gransimenuts.org\/val\/etapas\/\">Etapes<\/a><\/li>\n<li id=\"menu-item-1064\" class=\"menu-item menu-item-type-custom menu-item-object-custom menu-item-1064\"><a href=\"https:\/\/gransimenuts.org\/val\/secretaria\/\">Secretaria<\/a><\/li>\n<li id=\"menu-item-93\" class=\"menu-item menu-item-type-post_type menu-item-object-page current_page_parent menu-item-93\"><a href=\"https:\/\/gransimenuts.org\/val\/actualidad\/\">Actualitat<\/a><\/li>\n<li id=\"menu-item-94\" class=\"menu-item menu-item-type-post_type menu-item-object-page menu-item-94\"><a href=\"https:\/\/gransimenuts.org\/val\/contacto\/\">Contacte<\/a><\/li>\n<li id=\"menu-item-3076\" class=\"menu-item menu-item-type-custom menu-item-object-custom menu-item-3076\"><a href=\"https:\/\/www.google.com\/maps\/@39.9868306,-0.0773462,3a,90y,243.25h,86.75t\/data=!3m7!1e1!3m5!1sAF1QipMnVpMW_J0ldnaKGYIMqpf2yVMak6A-fRN1PhcX!2e10!3e12!7i8000!8i4000\" target=\"_blank\" rel=\"noopener\"><a href=\"https:\/\/www.google.com\/maps\/@39.9868306,-0.0773462,3a,90y,243.25h,86.75t\/data=!3m7!1e1!3m5!1sAF1QipMnVpMW_J0ldnaKGYIMqpf2yVMak6A-fRN1PhcX!2e10!3e12!7i8000!8i4000\" target=\"_blank\" rel=\"noopener\">Plano interactivo<\/a><\/a><\/li>\n<\/ul><\/div>\t\t<\/div>\n\t\t\t\t<\/div>\n\t\t\t\t\t<\/div>\n\t\t<\/div>\n\t\t\t\t<div class=\"elementor-column elementor-col-50 elementor-top-column elementor-element elementor-element-a326f33\" data-id=\"a326f33\" data-element_type=\"column\" data-settings=\"{&quot;background_background&quot;:&quot;classic&quot;}\">\n\t\t\t<div class=\"elementor-widget-wrap elementor-element-populated\">\n\t\t\t\t\t\t\t\t<div class=\"elementor-element elementor-element-b51849b elementor-widget elementor-widget-heading\" data-id=\"b51849b\" data-element_type=\"widget\" data-widget_type=\"heading.default\">\n\t\t\t\t<div class=\"elementor-widget-container\">\n\t\t\t<style>\/*! elementor - v3.14.0 - 26-06-2023 *\/\n.elementor-heading-title{padding:0;margin:0;line-height:1}.elementor-widget-heading .elementor-heading-title[class*=elementor-size-]>a{color:inherit;font-size:inherit;line-height:inherit}.elementor-widget-heading .elementor-heading-title.elementor-size-small{font-size:15px}.elementor-widget-heading .elementor-heading-title.elementor-size-medium{font-size:19px}.elementor-widget-heading .elementor-heading-title.elementor-size-large{font-size:29px}.elementor-widget-heading .elementor-heading-title.elementor-size-xl{font-size:39px}.elementor-widget-heading .elementor-heading-title.elementor-size-xxl{font-size:59px}<\/style><h2 class=\"elementor-heading-title elementor-size-default\">El centre<\/h2>\t\t<\/div>\n\t\t\t\t<\/div>\n\t\t\t\t<div class=\"elementor-element elementor-element-1500ca8 elementor-widget elementor-widget-image\" data-id=\"1500ca8\" data-element_type=\"widget\" data-widget_type=\"image.default\">\n\t\t\t\t<div class=\"elementor-widget-container\">\n\t\t\t<style>\/*! elementor - v3.14.0 - 26-06-2023 *\/\n.elementor-widget-image{text-align:center}.elementor-widget-image a{display:inline-block}.elementor-widget-image a img[src$=\".svg\"]{width:48px}.elementor-widget-image img{vertical-align:middle;display:inline-block}<\/style>\t\t\t\t\t\t\t\t\t\t\t\t<img decoding=\"async\" width=\"800\" height=\"360\" src=\"https:\/\/gransimenuts.org\/wp-content\/uploads\/2022\/11\/1.-Presentacion-del-centro.-2-1024x461.jpg\" class=\"attachment-large size-large wp-image-2018\" alt=\"\" loading=\"lazy\" srcset=\"https:\/\/gransimenuts.org\/wp-content\/uploads\/2022\/11\/1.-Presentacion-del-centro.-2-1024x461.jpg 1024w, https:\/\/gransimenuts.org\/wp-content\/uploads\/2022\/11\/1.-Presentacion-del-centro.-2-300x135.jpg 300w, https:\/\/gransimenuts.org\/wp-content\/uploads\/2022\/11\/1.-Presentacion-del-centro.-2-768x345.jpg 768w, https:\/\/gransimenuts.org\/wp-content\/uploads\/2022\/11\/1.-Presentacion-del-centro.-2-1536x691.jpg 1536w, https:\/\/gransimenuts.org\/wp-content\/uploads\/2022\/11\/1.-Presentacion-del-centro.-2-2048x921.jpg 2048w, https:\/\/gransimenuts.org\/wp-content\/uploads\/2022\/11\/1.-Presentacion-del-centro.-2-24x11.jpg 24w, https:\/\/gransimenuts.org\/wp-content\/uploads\/2022\/11\/1.-Presentacion-del-centro.-2-36x16.jpg 36w, https:\/\/gransimenuts.org\/wp-content\/uploads\/2022\/11\/1.-Presentacion-del-centro.-2-48x22.jpg 48w\" sizes=\"(max-width: 800px) 100vw, 800px\" \/>\t\t\t\t\t\t\t\t\t\t\t\t\t\t\t<\/div>\n\t\t\t\t<\/div>\n\t\t\t\t<div class=\"elementor-element elementor-element-1c885bc elementor-widget elementor-widget-text-editor\" data-id=\"1c885bc\" data-element_type=\"widget\" data-widget_type=\"text-editor.default\">\n\t\t\t\t<div class=\"elementor-widget-container\">\n\t\t\t<style>\/*! elementor - v3.14.0 - 26-06-2023 *\/\n.elementor-widget-text-editor.elementor-drop-cap-view-stacked .elementor-drop-cap{background-color:#69727d;color:#fff}.elementor-widget-text-editor.elementor-drop-cap-view-framed .elementor-drop-cap{color:#69727d;border:3px solid;background-color:transparent}.elementor-widget-text-editor:not(.elementor-drop-cap-view-default) .elementor-drop-cap{margin-top:8px}.elementor-widget-text-editor:not(.elementor-drop-cap-view-default) .elementor-drop-cap-letter{width:1em;height:1em}.elementor-widget-text-editor .elementor-drop-cap{float:left;text-align:center;line-height:1;font-size:50px}.elementor-widget-text-editor .elementor-drop-cap-letter{display:inline-block}<\/style>\t\t\t\t<p class=\" translation-block\">El col\u00b7legi  <strong>Grans i Menuts <\/strong> \u00e9s un col\u00b7legi  <strong>concertat de Castell\u00f3 <\/strong> que compta amb les tres etapes educatives: infantil, prim\u00e0ria i secund\u00e0ria. A m\u00e9s compta amb una aula  <strong>d'educaci\u00f3 especial spec\u00edfica <\/strong> i dues unitats de  <strong>suport a la integraci\u00f3. <\/strong><\/p><p>Primer cicle d'infantil (un i dos anys): <strong>Privat<\/strong>.<\/p><p>Segon cicle d'Educaci\u00f3 Infantil, Educaci\u00f3 Prim\u00e0ria i Educaci\u00f3 Secund\u00e0ria: <strong>Concertat.<\/strong>.<\/p><p class=\" translation-block\">La titularitat del centre \u00e9s la <strong>Cooperativa d'Ensenyament La Plana<\/strong>, una cooperativa de treball associat formada en l'actualitat per  docents i personal de serveis del Centre.<\/p>\t\t\t\t\t\t<\/div>\n\t\t\t\t<\/div>\n\t\t\t\t<div class=\"elementor-element elementor-element-03f8347 elementor-widget elementor-widget-heading\" data-id=\"03f8347\" data-element_type=\"widget\" data-widget_type=\"heading.default\">\n\t\t\t\t<div class=\"elementor-widget-container\">\n\t\t\t<h2 class=\"elementor-heading-title elementor-size-default\">LA COOPERATIVA<\/h2>\t\t<\/div>\n\t\t\t\t<\/div>\n\t\t\t\t<div class=\"elementor-element elementor-element-044de9d elementor-widget elementor-widget-text-editor\" data-id=\"044de9d\" data-element_type=\"widget\" data-widget_type=\"text-editor.default\">\n\t\t\t\t<div class=\"elementor-widget-container\">\n\t\t\t\t\t\t\t<p class=\" translation-block\">Som una Cooperativa de treballadors que ha passat, al llarg de la seva hist\u00f2ria, per diferents moments. Va comen\u00e7ar sent una cooperativa de pares on m\u00e9s tard es van integrar els \n professors, per a acabar sent el que som ara, una cooperativa de treballadors, integrada per personal docent i de serveis. Tot aquest cam\u00ed ha resultat molt enriquidor per a tots a causa de les diverses aportacions, que han anat formant una <strong>idea d'educaci\u00f3, de persona, de relaci\u00f3 professional<\/strong> i, en definitiva, <strong>una idea d'escola.<\/strong><\/p><p>Aquest proc\u00e9s va ser com\u00fa en la nostra comunitat i en la resta de l'estat espanyol en la d\u00e8cada dels 70, on es va iniciar un proc\u00e9s de creaci\u00f3 de centres d'acord amb els objectius dels moviments de Renovaci\u00f3 Pedag\u00f2gica, que defensaven un altre tipus de persona i, per tant, un altre tipus de model educatiu.\u00a0<\/p><p class=\" translation-block\">En els \u00faltims temps hem hagut de fer front a diversos desafiaments i encara volem emprendre molts m\u00e9s com l'ampliaci\u00f3 de l'oferta educativa, l'aposta definitiva per l'\u00fas de les NNTT, la construcci\u00f3 de noves instal\u00b7lacions i l'increment de la plantilla de treballadors. <strong>El treball en equip i la innovaci\u00f3<\/strong>, continuen sent els pilars b\u00e0sics del nostre projecte en la cerca de la millora cont\u00ednua i <strong>qualitat educativa.<\/strong><\/p>\t\t\t\t\t\t<\/div>\n\t\t\t\t<\/div>\n\t\t\t\t<div class=\"elementor-element elementor-element-6894cf4 elementor-widget elementor-widget-heading\" data-id=\"6894cf4\" data-element_type=\"widget\" data-widget_type=\"heading.default\">\n\t\t\t\t<div class=\"elementor-widget-container\">\n\t\t\t<h2 class=\"elementor-heading-title elementor-size-default\">MISSI\u00d3<\/h2>\t\t<\/div>\n\t\t\t\t<\/div>\n\t\t\t\t<div class=\"elementor-element elementor-element-69647a2 elementor-widget elementor-widget-text-editor\" data-id=\"69647a2\" data-element_type=\"widget\" data-widget_type=\"text-editor.default\">\n\t\t\t\t<div class=\"elementor-widget-container\">\n\t\t\t\t\t\t\t<p class=\" translation-block\">Som una <strong>Cooperativa de Treball Associat<\/strong> que t\u00e9 com a finalitat educar en la intel\u00b7lig\u00e8ncia i preparar als\/les nostres alumnes perqu\u00e8 exerceixen de ciutadans, \u00e9s a dir eduquem de manera global, amb el doble objectiu de <strong>facilitar la seva integraci\u00f3 aut\u00f2noma i plena en la societat<\/strong>, alhora que es preparen per a accedir amb \u00e8xit a<strong> futurs coneixements.<\/strong><\/p><p>\u00a0<\/p>\t\t\t\t\t\t<\/div>\n\t\t\t\t<\/div>\n\t\t\t\t\t<\/div>\n\t\t<\/div>\n\t\t\t\t\t\t\t<\/div>\n\t\t<\/section>\n\t\t\t\t\t\t\t<\/div>","protected":false},"excerpt":{"rendered":"<p>El colegio El centro Portal de transparencia Servicios Proyecto Educativo Principios Modelo Educativo Proyecto pluriling\u00fce Proyecto deportivo Proyecto solidario Proyecto xarxa 2030 Etapas Secretar\u00eda Actualidad Contacto Plano interactivo del centro El centro El colegio Grans i Menuts es un colegio concertado de Castell\u00f3n que cuenta con las tres etapas educativas: infantil, primaria y eso. Adem\u00e1s [&hellip;]<\/p>","protected":false},"author":1,"featured_media":0,"parent":0,"menu_order":0,"comment_status":"closed","ping_status":"closed","template":"","meta":[],"_links":{"self":[{"href":"https:\/\/gransimenuts.org\/val\/wp-json\/wp\/v2\/pages\/1090"}],"collection":[{"href":"https:\/\/gransimenuts.org\/val\/wp-json\/wp\/v2\/pages"}],"about":[{"href":"https:\/\/gransimenuts.org\/val\/wp-json\/wp\/v2\/types\/page"}],"author":[{"embeddable":true,"href":"https:\/\/gransimenuts.org\/val\/wp-json\/wp\/v2\/users\/1"}],"replies":[{"embeddable":true,"href":"https:\/\/gransimenuts.org\/val\/wp-json\/wp\/v2\/comments?post=1090"}],"version-history":[{"count":118,"href":"https:\/\/gransimenuts.org\/val\/wp-json\/wp\/v2\/pages\/1090\/revisions"}],"predecessor-version":[{"id":3469,"href":"https:\/\/gransimenuts.org\/val\/wp-json\/wp\/v2\/pages\/1090\/revisions\/3469"}],"wp:attachment":[{"href":"https:\/\/gransimenuts.org\/val\/wp-json\/wp\/v2\/media?parent=1090"}],"curies":[{"name":"wp","href":"https:\/\/api.w.org\/{rel}","templated":true}]}}